{"id":451,"date":"2025-03-25T09:58:01","date_gmt":"2025-03-25T08:58:01","guid":{"rendered":"https:\/\/placcszigethalom.hu\/?page_id=451"},"modified":"2026-03-09T09:08:09","modified_gmt":"2026-03-09T08:08:09","slug":"gy-i-k","status":"publish","type":"page","link":"https:\/\/placcszigethalom.hu\/index.php\/gy-i-k\/","title":{"rendered":"GY.I.K."},"content":{"rendered":"\n<style type=\"text\/css\" data-created_by=\"avia_inline_auto\" id=\"style-css-av-m94f6u0e-7d3ac701949a0df057f5a172efefecef\">\n#top .av-special-heading.av-m94f6u0e-7d3ac701949a0df057f5a172efefecef{\npadding-bottom:10px;\ncolor:#3cd1b3;\n}\nbody .av-special-heading.av-m94f6u0e-7d3ac701949a0df057f5a172efefecef .av-special-heading-tag .heading-char{\nfont-size:25px;\n}\n.av-special-heading.av-m94f6u0e-7d3ac701949a0df057f5a172efefecef .special-heading-inner-border{\nborder-color:#3cd1b3;\n}\n.av-special-heading.av-m94f6u0e-7d3ac701949a0df057f5a172efefecef .av-subheading{\nfont-size:15px;\n}\n<\/style>\n<div  class='av-special-heading av-m94f6u0e-7d3ac701949a0df057f5a172efefecef av-special-heading-h2 custom-color-heading blockquote elegant-quote elegant-centered  avia-builder-el-0  el_before_av_toggle_container  avia-builder-el-first '><h2 class='av-special-heading-tag '  itemprop=\"headline\"  ><span class=\"heading-wrap\">Gyakran Ism\u00e9telt K\u00e9rd\u00e9sek<\/span><\/h2><div class=\"special-heading-border\"><div class=\"special-heading-inner-border\"><\/div><\/div><\/div>\n\n<style type=\"text\/css\" data-created_by=\"avia_inline_auto\" id=\"style-css-av-m8oj1l2i-a4071167545fe37e797ea016e2e8620b\">\n#top .togglecontainer.av-m8oj1l2i-a4071167545fe37e797ea016e2e8620b p.toggler{\nfont-size:18px;\nbackground-color:#3cd1b3;\n}\n#top .togglecontainer.av-m8oj1l2i-a4071167545fe37e797ea016e2e8620b p.toggler .toggle_icon{\ncolor:#000000;\nborder-color:#000000;\n}\n#top .togglecontainer.av-m8oj1l2i-a4071167545fe37e797ea016e2e8620b p.toggler .toggle_icon > span{\ncolor:#000000;\nborder-color:#000000;\n}\n#top .togglecontainer.av-m8oj1l2i-a4071167545fe37e797ea016e2e8620b .toggle_wrap .toggle_content{\nfont-size:16px;\nbackground-color:#3cd1b3;\n}\n<\/style>\n<div  class='togglecontainer av-m8oj1l2i-a4071167545fe37e797ea016e2e8620b  avia-builder-el-1  el_after_av_heading  avia-builder-el-last  toggle_close_all' >\n<section class='av_toggle_section av-m8oitvf6-c39dc925c82e7de3d8a24852b354981e'  itemscope=\"itemscope\" itemtype=\"https:\/\/schema.org\/CreativeWork\" ><div role=\"tablist\" class=\"single_toggle\" data-tags=\"{Mind} \"  ><p id='toggle-toggle-id-1' data-fake-id='#toggle-id-1' class='toggler  av-title-above '  itemprop=\"headline\"  role='tab' tabindex='0' aria-controls='toggle-id-1' data-slide-speed=\"200\" data-title=\"14 \u00e9v alatti vend\u00e9geink bel\u00e9p\u00e9si felt\u00e9telei\" data-title-open=\"\" data-aria_collapsed=\"Click to expand: 14 \u00e9v alatti vend\u00e9geink bel\u00e9p\u00e9si felt\u00e9telei\" data-aria_expanded=\"Click to collapse: 14 \u00e9v alatti vend\u00e9geink bel\u00e9p\u00e9si felt\u00e9telei\">14 \u00e9v alatti vend\u00e9geink bel\u00e9p\u00e9si felt\u00e9telei<span class=\"toggle_icon\"><span class=\"vert_icon\"><\/span><span class=\"hor_icon\"><\/span><\/span><\/p><div id='toggle-id-1' aria-labelledby='toggle-toggle-id-1' role='region' class='toggle_wrap  av-title-above'  ><div class='toggle_content invers-color '  itemprop=\"text\" ><p>Koncertekre, diszk\u00f3kra 6 \u00e9ves kor alatt a bel\u00e9p\u0151 100 Ft, 6-14 \u00e9v k\u00f6z\u00f6tt 1500 Ft, mely el\u0151v\u00e9telben is megv\u00e1lthat\u00f3 a jegyp\u00e9nzt\u00e1rban. (online nem \u00e9rt\u00e9kes\u00edtj\u00fck!) (Gyermek-\u00e9s csal\u00e1di rendezv\u00e9nyek eset\u00e9ben m\u00e1s \u00e1rszab\u00e1s lehets\u00e9ges!)<\/p>\n<p>14. \u00e9let\u00e9v\u00fcket be nem t\u00f6lt\u00f6tt gyermekek, kiz\u00e1r\u00f3lag cselekv\u0151k\u00e9pes feln\u0151tt k\u00eds\u00e9ret\u00e9ben l\u00e9phetnek a rendezv\u00e9ny ter\u00fclet\u00e9re. A rendezv\u00e9ny teljes id\u0151tartama alatt a k\u00eds\u00e9r\u0151 feln\u0151tt felel\u0151s a 14. \u00e9let\u00e9v\u00fcket be nem t\u00f6lt\u00f6tt gyermek\u00e9rt.<\/p>\n<p>Vend\u00e9gl\u00e1t\u00f3 egys\u00e9gekben tizennyolc \u00e9ven aluliakat szeszes itallal a rendezv\u00e9ny ter\u00fclet\u00e9n tilos kiszolg\u00e1lni.<\/p>\n<p>A gyermekek a KRESZ p\u00e1ly\u00e1t, a pumptruck p\u00e1ly\u00e1t \u00e9s a j\u00e1tsz\u00f3teret haszn\u00e1lhatj\u00e1k program k\u00f6zben is a h\u00e1zirendnek megfelel\u0151en. A k\u00f6z\u00e9ps\u0151 murv\u00e1s \u00e9s betonozott koncert helysz\u00ednen ker\u00e9kp\u00e1rozni, rollerezni, g\u00f6rkorizni tilos!<\/p>\n<\/div><\/div><\/div><\/section>\n<section class='av_toggle_section av-m8oiug49-843d3d16f620c5a2af8cfa38e9cba9d8'  itemscope=\"itemscope\" itemtype=\"https:\/\/schema.org\/CreativeWork\" ><div role=\"tablist\" class=\"single_toggle\" data-tags=\"{Mind} \"  ><p id='toggle-toggle-id-2' data-fake-id='#toggle-id-2' class='toggler  av-title-above '  itemprop=\"headline\"  role='tab' tabindex='0' aria-controls='toggle-id-2' data-slide-speed=\"200\" data-title=\"Rossz id\u0151 eset\u00e9n elmarad a koncert?\" data-title-open=\"\" data-aria_collapsed=\"Click to expand: Rossz id\u0151 eset\u00e9n elmarad a koncert?\" data-aria_expanded=\"Click to collapse: Rossz id\u0151 eset\u00e9n elmarad a koncert?\">Rossz id\u0151 eset\u00e9n elmarad a koncert?<span class=\"toggle_icon\"><span class=\"vert_icon\"><\/span><span class=\"hor_icon\"><\/span><\/span><\/p><div id='toggle-id-2' aria-labelledby='toggle-toggle-id-2' role='region' class='toggle_wrap  av-title-above'  ><div class='toggle_content invers-color '  itemprop=\"text\" ><p>Nem, a koncerteket rossz id\u0151 eset\u00e9n is megtartjuk.<\/p>\n<p>Eserny\u0151t, k\u00e9rlek, ne hozz magaddal, mert vesz\u00e9lyes lehet m\u00e1sokra, ez\u00e9rt nem engedj\u00fck be. Ha nincs es\u0151kab\u00e1tod, eldobhat\u00f3 es\u0151poncs\u00f3t v\u00e1s\u00e1rolhatsz a PLACC jegyp\u00e9nzt\u00e1rban: 500 Ft.<\/p>\n<\/div><\/div><\/div><\/section>\n<section class='av_toggle_section av-m8oiv03d-b65db9875f119b25611f5e3e41ec2118'  itemscope=\"itemscope\" itemtype=\"https:\/\/schema.org\/CreativeWork\" ><div role=\"tablist\" class=\"single_toggle\" data-tags=\"{Mind} \"  ><p id='toggle-toggle-id-3' data-fake-id='#toggle-id-3' class='toggler  av-title-above '  itemprop=\"headline\"  role='tab' tabindex='0' aria-controls='toggle-id-3' data-slide-speed=\"200\" data-title=\"A koncert ut\u00e1n van buli?\" data-title-open=\"\" data-aria_collapsed=\"Click to expand: A koncert ut\u00e1n van buli?\" data-aria_expanded=\"Click to collapse: A koncert ut\u00e1n van buli?\">A koncert ut\u00e1n van buli?<span class=\"toggle_icon\"><span class=\"vert_icon\"><\/span><span class=\"hor_icon\"><\/span><\/span><\/p><div id='toggle-id-3' aria-labelledby='toggle-toggle-id-3' role='region' class='toggle_wrap  av-title-above'  ><div class='toggle_content invers-color '  itemprop=\"text\" ><p>Igen! \u00a0A PLACC 24:00-ig van nyitva, addig after parti keret\u00e9n bel\u00fcl gondoskodunk a sz\u00f3rakoz\u00e1sotokr\u00f3l.<\/p>\n<\/div><\/div><\/div><\/section>\n<section class='av_toggle_section av-m8oivosu-610a5e018c83387afc2d12cbf1bc5253'  itemscope=\"itemscope\" itemtype=\"https:\/\/schema.org\/CreativeWork\" ><div role=\"tablist\" class=\"single_toggle\" data-tags=\"{Mind} \"  ><p id='toggle-toggle-id-4' data-fake-id='#toggle-id-4' class='toggler  av-title-above '  itemprop=\"headline\"  role='tab' tabindex='0' aria-controls='toggle-id-4' data-slide-speed=\"200\" data-title=\"Bel\u00e9ptet\u00e9s ut\u00e1n kimehetek-e a parkol\u00f3ba?\" data-title-open=\"\" data-aria_collapsed=\"Click to expand: Bel\u00e9ptet\u00e9s ut\u00e1n kimehetek-e a parkol\u00f3ba?\" data-aria_expanded=\"Click to collapse: Bel\u00e9ptet\u00e9s ut\u00e1n kimehetek-e a parkol\u00f3ba?\">Bel\u00e9ptet\u00e9s ut\u00e1n kimehetek-e a parkol\u00f3ba?<span class=\"toggle_icon\"><span class=\"vert_icon\"><\/span><span class=\"hor_icon\"><\/span><\/span><\/p><div id='toggle-id-4' aria-labelledby='toggle-toggle-id-4' role='region' class='toggle_wrap  av-title-above'  ><div class='toggle_content invers-color '  itemprop=\"text\" ><p>NEM! A bel\u00e9p\u0151jegy csak egyszeri bel\u00e9p\u00e9sre jogos\u00edt, ez\u00e9rt, ha h\u0171v\u00f6s van, k\u00e9rlek hozd be a pulcsid is, ne kelljen vitatkoznunk a bej\u00e1ratn\u00e1l. Rollert, bicajt se felejtsd kint, ha a gyereked szeretn\u00e9 haszn\u00e1lni!<\/p>\n<p>Olyan bulikn\u00e1l, ahol sok fiatalt v\u00e1runk, a bej\u00e1ratn\u00e1l a 18 \u00e9v felettieket karszalaggal jel\u00f6lj\u00fck, hogy a vend\u00e9gl\u00e1t\u00f3 egys\u00e9gekben g\u00f6rd\u00fcl\u00e9kenyebb legyen a kiszolg\u00e1l\u00e1s. Ezen esetekben csak az juthat szeszes italhoz, akin karszalag van, ez nem jogos\u00edt fel arra, hogy ki-be m\u00e1szk\u00e1lj a kapun!<\/p>\n<\/div><\/div><\/div><\/section>\n<section class='av_toggle_section av-m8oix3bz-3f399bc20f573618ffb3f36678c4ff75'  itemscope=\"itemscope\" itemtype=\"https:\/\/schema.org\/CreativeWork\" ><div role=\"tablist\" class=\"single_toggle\" data-tags=\"{Mind} \"  ><p id='toggle-toggle-id-5' data-fake-id='#toggle-id-5' class='toggler  av-title-above '  itemprop=\"headline\"  role='tab' tabindex='0' aria-controls='toggle-id-5' data-slide-speed=\"200\" data-title=\"Doh\u00e1nyozni b\u00e1rhol lehet?\" data-title-open=\"\" data-aria_collapsed=\"Click to expand: Doh\u00e1nyozni b\u00e1rhol lehet?\" data-aria_expanded=\"Click to collapse: Doh\u00e1nyozni b\u00e1rhol lehet?\">Doh\u00e1nyozni b\u00e1rhol lehet?<span class=\"toggle_icon\"><span class=\"vert_icon\"><\/span><span class=\"hor_icon\"><\/span><\/span><\/p><div id='toggle-id-5' aria-labelledby='toggle-toggle-id-5' role='region' class='toggle_wrap  av-title-above'  ><div class='toggle_content invers-color '  itemprop=\"text\" ><p>NEM!Koncertek \u00e9s diszk\u00f3k ideje alatt a k\u00f6z\u00e9ps\u0151 murv\u00e1s \u00e9s betonos ter\u00fcleten megengedett a doh\u00e1nyz\u00e1s. Bicikli p\u00e1ly\u00e1kon, j\u00e1tsz\u00f3t\u00e9ren \u00e9s a z\u00f6ld ter\u00fcleteken doh\u00e1nyozni tilos!<\/p>\n<p>Gyerekrendezv\u00e9nyeken \u00e9s programokon k\u00edv\u00fcl kiz\u00e1r\u00f3lag a betonon jelzett piros ter\u00fcleten bel\u00fcl lehet doh\u00e1nyozni.<\/p>\n<p>Doh\u00e1nybolt nincs a PLACC ter\u00fclet\u00e9n!<\/p>\n<\/div><\/div><\/div><\/section>\n<section class='av_toggle_section av-m8oixou7-8d3e213868a88d3997425df86c47e8c3'  itemscope=\"itemscope\" itemtype=\"https:\/\/schema.org\/CreativeWork\" ><div role=\"tablist\" class=\"single_toggle\" data-tags=\"{Mind} \"  ><p id='toggle-toggle-id-6' data-fake-id='#toggle-id-6' class='toggler  av-title-above '  itemprop=\"headline\"  role='tab' tabindex='0' aria-controls='toggle-id-6' data-slide-speed=\"200\" data-title=\"Kuty\u00e1t bevihetek a PLACC ter\u00fclet\u00e9re?\" data-title-open=\"\" data-aria_collapsed=\"Click to expand: Kuty\u00e1t bevihetek a PLACC ter\u00fclet\u00e9re?\" data-aria_expanded=\"Click to collapse: Kuty\u00e1t bevihetek a PLACC ter\u00fclet\u00e9re?\">Kuty\u00e1t bevihetek a PLACC ter\u00fclet\u00e9re?<span class=\"toggle_icon\"><span class=\"vert_icon\"><\/span><span class=\"hor_icon\"><\/span><\/span><\/p><div id='toggle-id-6' aria-labelledby='toggle-toggle-id-6' role='region' class='toggle_wrap  av-title-above'  ><div class='toggle_content invers-color '  itemprop=\"text\" ><p>Igen! A betonon jelzett piros ter\u00fcleten bel\u00fcl, p\u00f3r\u00e1zon tart\u00f3zkodhatnak a kedvenceitek. A mosd\u00f3 kont\u00e9nerrel szemben l\u00e9v\u0151 ter\u00fcleten v\u00e9gezhetik el kisebb-nagyobb dolgaikat.<\/p>\n<p>Itt iv\u00f3vizet is tal\u00e1ltok sz\u00e1mukra.<\/p>\n<p><strong>Rendezv\u00e9nyek alkalm\u00e1val k\u00f6telez\u0151 a sz\u00e1jkos\u00e1r!<\/strong><\/p>\n<\/div><\/div><\/div><\/section>\n<section class='av_toggle_section av-m8oiym67-b8ae9ecee59ec1daccbf1925947a8a09'  itemscope=\"itemscope\" itemtype=\"https:\/\/schema.org\/CreativeWork\" ><div role=\"tablist\" class=\"single_toggle\" data-tags=\"{Mind} \"  ><p id='toggle-toggle-id-7' data-fake-id='#toggle-id-7' class='toggler  av-title-above '  itemprop=\"headline\"  role='tab' tabindex='0' aria-controls='toggle-id-7' data-slide-speed=\"200\" data-title=\"Kerekessz\u00e9kes vagyok, hogy tudok bej\u00f6nni?\" data-title-open=\"\" data-aria_collapsed=\"Click to expand: Kerekessz\u00e9kes vagyok, hogy tudok bej\u00f6nni?\" data-aria_expanded=\"Click to collapse: Kerekessz\u00e9kes vagyok, hogy tudok bej\u00f6nni?\">Kerekessz\u00e9kes vagyok, hogy tudok bej\u00f6nni?<span class=\"toggle_icon\"><span class=\"vert_icon\"><\/span><span class=\"hor_icon\"><\/span><\/span><\/p><div id='toggle-id-7' aria-labelledby='toggle-toggle-id-7' role='region' class='toggle_wrap  av-title-above'  ><div class='toggle_content invers-color '  itemprop=\"text\" ><p>Nagyon sajn\u00e1ljuk, de a PLACC els\u0151dlegesen szabadid\u0151parkk\u00e9nt m\u0171k\u00f6dik. A bej\u00e1rathoz vezet\u0151 \u00fat, a ter\u00fclet \u00e9s a mell\u00e9khelyis\u00e9gek sem akad\u00e1lymentes\u00edtettek.<\/p>\n<\/div><\/div><\/div><\/section>\n<section class='av_toggle_section av-m8oizac8-d3b1d194231db0b8e072845f6164b99c'  itemscope=\"itemscope\" itemtype=\"https:\/\/schema.org\/CreativeWork\" ><div role=\"tablist\" class=\"single_toggle\" data-tags=\"{Mind} \"  ><p id='toggle-toggle-id-8' data-fake-id='#toggle-id-8' class='toggler  av-title-above '  itemprop=\"headline\"  role='tab' tabindex='0' aria-controls='toggle-id-8' data-slide-speed=\"200\" data-title=\"Hogyan jutsz el hozz\u00e1nk?\" data-title-open=\"\" data-aria_collapsed=\"Click to expand: Hogyan jutsz el hozz\u00e1nk?\" data-aria_expanded=\"Click to collapse: Hogyan jutsz el hozz\u00e1nk?\">Hogyan jutsz el hozz\u00e1nk?<span class=\"toggle_icon\"><span class=\"vert_icon\"><\/span><span class=\"hor_icon\"><\/span><\/span><\/p><div id='toggle-id-8' aria-labelledby='toggle-toggle-id-8' role='region' class='toggle_wrap  av-title-above'  ><div class='toggle_content invers-color '  itemprop=\"text\" ><p>G\u00e9pj\u00e1rm\u0171vel:<\/p>\n<p>Szigethalom, R\u00e1k\u00f3czi u. 149. (47.310057, 19.010760)<\/p>\n<p>T\u00f6megk\u00f6zleked\u00e9ssel:<\/p>\n<p>\u2022 Csepel Szent Imre t\u00e9rr\u0151l Vol\u00e1nbusszal, \u00e1tsz\u00e1ll\u00e1s Szigethalom aut\u00f3busz \u00e1llom\u00e1son a Vol\u00e1n 693-as helyi j\u00e1rat\u00e1ra, lesz\u00e1ll\u00e1s Szigethalom, aut. fordul\u00f3n\u00e1l<\/p>\n<p>\u2022 Budapest N\u00e9pligetb\u0151l Vol\u00e1nbusszal \u00e1tsz\u00e1ll\u00e1s Szigethalom aut\u00f3busz \u00e1llom\u00e1son a Vol\u00e1n 693-as helyi j\u00e1rat\u00e1ra, lesz\u00e1ll\u00e1s Szigethalom, aut. fordul\u00f3n\u00e1l<\/p>\n<p>\u2022 Budapest Kelenf\u00f6ldi p\u00e1lyaudvart\u00f3l Vol\u00e1nbusszal \u00e1tsz\u00e1ll\u00e1s Szigethalom aut\u00f3busz \u00e1llom\u00e1son a Vol\u00e1n 693-as helyi j\u00e1rat\u00e1ra, lesz\u00e1ll\u00e1s Szigethalom, aut. fordul\u00f3n\u00e1l<\/p>\n<p>\u2022 Budapest K\u00f6zv\u00e1g\u00f3h\u00eddr\u00f3l a H6 H\u00c9V-vel, \u00e1tsz\u00e1ll\u00e1s Szigethalom meg\u00e1ll\u00f3n\u00e1l a Vol\u00e1n 693-as helyi j\u00e1rat\u00e1ra, lesz\u00e1ll\u00e1s Szigethalom aut. fordul\u00f3n\u00e1l (gyalog csak 3 km a H\u00c9V-t\u0151l<img decoding=\"async\" class=\"emoji\" role=\"img\" draggable=\"false\" src=\"https:\/\/s.w.org\/images\/core\/emoji\/15.0.3\/svg\/1f60a.svg\" alt=\"\ud83d\ude0a\" \/>)<\/p>\n<\/div><\/div><\/div><\/section>\n<section class='av_toggle_section av-m8oizsgh-48fdac4cb6bdde7241108c9d5bd0c57e'  itemscope=\"itemscope\" itemtype=\"https:\/\/schema.org\/CreativeWork\" ><div role=\"tablist\" class=\"single_toggle\" data-tags=\"{Mind} \"  ><p id='toggle-toggle-id-9' data-fake-id='#toggle-id-9' class='toggler  av-title-above '  itemprop=\"headline\"  role='tab' tabindex='0' aria-controls='toggle-id-9' data-slide-speed=\"200\" data-title=\"Hol tudok parkolni?\" data-title-open=\"\" data-aria_collapsed=\"Click to expand: Hol tudok parkolni?\" data-aria_expanded=\"Click to collapse: Hol tudok parkolni?\">Hol tudok parkolni?<span class=\"toggle_icon\"><span class=\"vert_icon\"><\/span><span class=\"hor_icon\"><\/span><\/span><\/p><div id='toggle-id-9' aria-labelledby='toggle-toggle-id-9' role='region' class='toggle_wrap  av-title-above'  ><div class='toggle_content invers-color '  itemprop=\"text\" ><p>A R\u00e1k\u00f3czi u. v\u00e9g\u00e9n l\u00e9v\u0151 f\u00fcves parkol\u00f3ban lehet parkolni, innen kb. 3 perc s\u00e9ta a bej\u00e1rat.<\/p>\n<p>Szeretn\u00e9nk figyelmeztetni, ha alkoholt fogyasztasz, semmik\u00e9ppen NE vezess!<\/p>\n<p>Ha bring\u00e1val j\u00f6ssz, kerekezz be a bej\u00e1ratig, itt tal\u00e1lsz biciklit\u00e1rol\u00f3t.<\/p>\n<\/div><\/div><\/div><\/section>\n<section class='av_toggle_section av-m8oj0idu-a25335afe161a8cba00e7eb7c7d0550a'  itemscope=\"itemscope\" itemtype=\"https:\/\/schema.org\/CreativeWork\" ><div role=\"tablist\" class=\"single_toggle\" data-tags=\"{Mind} \"  ><p id='toggle-toggle-id-10' data-fake-id='#toggle-id-10' class='toggler  av-title-above '  itemprop=\"headline\"  role='tab' tabindex='0' aria-controls='toggle-id-10' data-slide-speed=\"200\" data-title=\"Hol v\u00e1s\u00e1rolhatok jegyet?\" data-title-open=\"\" data-aria_collapsed=\"Click to expand: Hol v\u00e1s\u00e1rolhatok jegyet?\" data-aria_expanded=\"Click to collapse: Hol v\u00e1s\u00e1rolhatok jegyet?\">Hol v\u00e1s\u00e1rolhatok jegyet?<span class=\"toggle_icon\"><span class=\"vert_icon\"><\/span><span class=\"hor_icon\"><\/span><\/span><\/p><div id='toggle-id-10' aria-labelledby='toggle-toggle-id-10' role='region' class='toggle_wrap  av-title-above'  ><div class='toggle_content invers-color '  itemprop=\"text\" ><p>V\u00e1rosi Szabadid\u0151k\u00f6zpont, Szigethalom Sport u. 4.<\/p>\n<p>Iroda nyitvatart\u00e1sa: H-CS 8:00-16:00<\/p>\n<p>P\u00a0 8:00-12:00<\/p>\n<p>Online jegyv\u00e1s\u00e1rl\u00e1s:\u00a0<a href=\"http:\/\/www.jegy.hu\/\">www.jegy.hu<\/a><\/p>\n<\/div><\/div><\/div><\/section>\n<section class='av_toggle_section av-m8oj141b-dd3f473309bd4084d94094123e664b23'  itemscope=\"itemscope\" itemtype=\"https:\/\/schema.org\/CreativeWork\" ><div role=\"tablist\" class=\"single_toggle\" data-tags=\"{Mind} \"  ><p id='toggle-toggle-id-11' data-fake-id='#toggle-id-11' class='toggler  av-title-above '  itemprop=\"headline\"  role='tab' tabindex='0' aria-controls='toggle-id-11' data-slide-speed=\"200\" data-title=\"Ki kell nyomtatni az online v\u00e1s\u00e1rolt jegyet?\" data-title-open=\"\" data-aria_collapsed=\"Click to expand: Ki kell nyomtatni az online v\u00e1s\u00e1rolt jegyet?\" data-aria_expanded=\"Click to collapse: Ki kell nyomtatni az online v\u00e1s\u00e1rolt jegyet?\">Ki kell nyomtatni az online v\u00e1s\u00e1rolt jegyet?<span class=\"toggle_icon\"><span class=\"vert_icon\"><\/span><span class=\"hor_icon\"><\/span><\/span><\/p><div id='toggle-id-11' aria-labelledby='toggle-toggle-id-11' role='region' class='toggle_wrap  av-title-above'  ><div class='toggle_content invers-color '  itemprop=\"text\" ><p>A bel\u00e9p\u0151jegyet nem k\u00f6telez\u0151 kinyomtatni, telefonr\u00f3l is el tudjuk fogadni; az fontos, hogy a QR-k\u00f3d j\u00f3l l\u00e1that\u00f3 legyen.<\/p>\n<\/div><\/div><\/div><\/section>\n<section class='av_toggle_section av-m8oj1jth-46f5fb95c59670ba803e1aff52655c77'  itemscope=\"itemscope\" itemtype=\"https:\/\/schema.org\/CreativeWork\" ><div role=\"tablist\" class=\"single_toggle\" data-tags=\"{Mind} \"  ><p id='toggle-toggle-id-12' data-fake-id='#toggle-id-12' class='toggler  av-title-above '  itemprop=\"headline\"  role='tab' tabindex='0' aria-controls='toggle-id-12' data-slide-speed=\"200\" data-title=\"Visszav\u00e1lthatom-e\/cser\u00e9lhetem-e a m\u00e1r megv\u00e1s\u00e1rolt jegyemet?\" data-title-open=\"\" data-aria_collapsed=\"Click to expand: Visszav\u00e1lthatom-e\/cser\u00e9lhetem-e a m\u00e1r megv\u00e1s\u00e1rolt jegyemet?\" data-aria_expanded=\"Click to collapse: Visszav\u00e1lthatom-e\/cser\u00e9lhetem-e a m\u00e1r megv\u00e1s\u00e1rolt jegyemet?\">Visszav\u00e1lthatom-e\/cser\u00e9lhetem-e a m\u00e1r megv\u00e1s\u00e1rolt jegyemet?<span class=\"toggle_icon\"><span class=\"vert_icon\"><\/span><span class=\"hor_icon\"><\/span><\/span><\/p><div id='toggle-id-12' aria-labelledby='toggle-toggle-id-12' role='region' class='toggle_wrap  av-title-above'  ><div class='toggle_content invers-color '  itemprop=\"text\" ><p>Sikeres jegyv\u00e1s\u00e1rl\u00e1s ut\u00e1n nincs lehet\u0151s\u00e9g a jegy \u00e1r\u00e1nak visszat\u00e9r\u00edt\u00e9s\u00e9re vagy a jegy cser\u00e9j\u00e9re.<\/p>\n<\/div><\/div><\/div><\/section>\n<\/div>\n","protected":false},"excerpt":{"rendered":"","protected":false},"author":1,"featured_media":0,"parent":0,"menu_order":0,"comment_status":"closed","ping_status":"closed","template":"","meta":{"footnotes":""},"class_list":["post-451","page","type-page","status-publish","hentry"],"_links":{"self":[{"href":"https:\/\/placcszigethalom.hu\/index.php\/wp-json\/wp\/v2\/pages\/451","targetHints":{"allow":["GET"]}}],"collection":[{"href":"https:\/\/placcszigethalom.hu\/index.php\/wp-json\/wp\/v2\/pages"}],"about":[{"href":"https:\/\/placcszigethalom.hu\/index.php\/wp-json\/wp\/v2\/types\/page"}],"author":[{"embeddable":true,"href":"https:\/\/placcszigethalom.hu\/index.php\/wp-json\/wp\/v2\/users\/1"}],"replies":[{"embeddable":true,"href":"https:\/\/placcszigethalom.hu\/index.php\/wp-json\/wp\/v2\/comments?post=451"}],"version-history":[{"count":24,"href":"https:\/\/placcszigethalom.hu\/index.php\/wp-json\/wp\/v2\/pages\/451\/revisions"}],"predecessor-version":[{"id":2098,"href":"https:\/\/placcszigethalom.hu\/index.php\/wp-json\/wp\/v2\/pages\/451\/revisions\/2098"}],"wp:attachment":[{"href":"https:\/\/placcszigethalom.hu\/index.php\/wp-json\/wp\/v2\/media?parent=451"}],"curies":[{"name":"wp","href":"https:\/\/api.w.org\/{rel}","templated":true}]}}