{"id":29,"date":"2025-03-20T09:01:01","date_gmt":"2025-03-20T08:01:01","guid":{"rendered":"https:\/\/placcszigethalom.hu\/?page_id=29"},"modified":"2025-04-30T09:20:19","modified_gmt":"2025-04-30T08:20:19","slug":"pumptrack-palya","status":"publish","type":"page","link":"https:\/\/placcszigethalom.hu\/index.php\/fooldal\/pumptrack-palya\/","title":{"rendered":"PUMPTRUCK P\u00c1LYA"},"content":{"rendered":"\n<style type=\"text\/css\" data-created_by=\"avia_inline_auto\" id=\"style-css-av-m93yk8bw-bd1690fa5dbac197a8ba51a51028c5ee\">\n.avia_transform .flex_column.av-m93yk8bw-bd1690fa5dbac197a8ba51a51028c5ee{\nanimation-duration:1.5s;\n}\n<\/style>\n<div  class='flex_column av-m93yk8bw-bd1690fa5dbac197a8ba51a51028c5ee av_two_third  avia-builder-el-0  el_before_av_one_third  avia-builder-el-first  first flex_column_div av-animated-generic left-to-right  '     ><style type=\"text\/css\" data-created_by=\"avia_inline_auto\" id=\"style-css-av-m8h6zx5n-4e1ba91432f63abe4187eedbe5725dbc\">\n#top .av_textblock_section.av-m8h6zx5n-4e1ba91432f63abe4187eedbe5725dbc .avia_textblock{\nfont-size:16px;\n}\n<\/style>\n<section  class='av_textblock_section av-m8h6zx5n-4e1ba91432f63abe4187eedbe5725dbc '   itemscope=\"itemscope\" itemtype=\"https:\/\/schema.org\/CreativeWork\" ><div class='avia_textblock'  itemprop=\"text\" ><p><strong><span style=\"vertical-align: inherit;\"><span style=\"vertical-align: inherit;\"><span style=\"vertical-align: inherit;\"><span style=\"vertical-align: inherit;\"><span style=\"vertical-align: inherit;\"><span style=\"vertical-align: inherit;\"><span style=\"vertical-align: inherit;\"><span style=\"vertical-align: inherit;\">PUMPTRUCK P\u00c1LYA<\/span><\/span><\/span><\/span><\/span><\/span><\/span><\/span><\/strong><\/p>\n<p><strong><span style=\"vertical-align: inherit;\"><span style=\"vertical-align: inherit;\"><span style=\"vertical-align: inherit;\"><span style=\"vertical-align: inherit;\"><span style=\"vertical-align: inherit;\"><span style=\"vertical-align: inherit;\"><span style=\"vertical-align: inherit;\"><span style=\"vertical-align: inherit;\">Ingyenesen haszn\u00e1lhat\u00f3 <\/span><\/span><\/span><\/span><\/span><\/span><\/span><\/span><\/strong><span style=\"vertical-align: inherit;\"><span style=\"vertical-align: inherit;\"><span style=\"vertical-align: inherit;\"><span style=\"vertical-align: inherit;\"><span style=\"vertical-align: inherit;\"><span style=\"vertical-align: inherit;\"><span style=\"vertical-align: inherit;\"><span style=\"vertical-align: inherit;\">(kiv\u00e9tel bel\u00e9p\u0151d\u00edjas rendezv\u00e9nyek)<\/span><\/span><\/span><\/span><\/span><\/span><\/span><\/span><\/p>\n<p><span style=\"vertical-align: inherit;\"><span style=\"vertical-align: inherit;\"><span style=\"vertical-align: inherit;\"><span style=\"vertical-align: inherit;\"><span style=\"vertical-align: inherit;\"><span style=\"vertical-align: inherit;\"><span style=\"vertical-align: inherit;\"><span style=\"vertical-align: inherit;\">Az Akt\u00edv Magyarorsz\u00e1g\u00e9rt felel\u0151s korm\u00e1nybiztoss\u00e1g a Magyar Ker\u00e9kp\u00e1ros Turisztikai Sz\u00f6vets\u00e9g (a tov\u00e1bbiakban: MAKETUSZ) bevon\u00e1s\u00e1val 2020-ban ki\u00edrta az Akt\u00edv Magyarorsz\u00e1g Program r\u00e9szek\u00e9nt az Orsz\u00e1gos Bringapark Programot. E p\u00e1ly\u00e1zati lehet\u0151s\u00e9get kihaszn\u00e1lva \u00e9p\u00fclt 2021-ben a szigethalmi pumptruck p\u00e1lya.<\/span><\/span><\/span><\/span><\/span><\/span><\/span><\/span><\/p>\n<p><span style=\"vertical-align: inherit;\"><span style=\"vertical-align: inherit;\"><span style=\"vertical-align: inherit;\"><span style=\"vertical-align: inherit;\"><span style=\"vertical-align: inherit;\"><span style=\"vertical-align: inherit;\"><span style=\"vertical-align: inherit;\"><span style=\"vertical-align: inherit;\">A p\u00e1ly\u00e1t gy\u00f6ny\u00f6r\u0171 erd\u0151 sz\u00e9li k\u00f6rnyezetben tal\u00e1lj\u00e1tok meg, mely a Szigethalmi \u00a0Csal\u00e1di Vadaspark f\u0151bej\u00e1rat\u00e1n kereszt\u00fcl k\u00f6zel\u00edthet\u0151 meg gyalogosan \u00e9s ker\u00e9kp\u00e1rral. Parkol\u00e1si lehet\u0151s\u00e9g a R\u00e1k\u00f3czi utca v\u00e9g\u00e9n kialak\u00edtott parkol\u00f3ban van.<\/span><\/span><\/span><\/span><\/span><\/span><\/span><\/span><\/p>\n<\/div><\/section><\/div>\n\n<style type=\"text\/css\" data-created_by=\"avia_inline_auto\" id=\"style-css-av-m93yp5yj-daaade71636b1328097647a68bb7d1f3\">\n.avia_transform .flex_column.av-m93yp5yj-daaade71636b1328097647a68bb7d1f3{\nanimation-duration:1.5s;\n}\n<\/style>\n<div  class='flex_column av-m93yp5yj-daaade71636b1328097647a68bb7d1f3 av_one_third  avia-builder-el-2  el_after_av_two_third  el_before_av_one_half  flex_column_div av-animated-generic right-to-left  '     ><style type=\"text\/css\" data-created_by=\"avia_inline_auto\" id=\"style-css-av-m8oehg3w-561c58a0bd490d6119442bf20ba14163\">\n.avia-video.av-m8oehg3w-561c58a0bd490d6119442bf20ba14163{\npadding-bottom:122%;\n}\n<\/style>\n<div  class='avia-video av-m8oehg3w-561c58a0bd490d6119442bf20ba14163 avia-video-custom av-no-preview-image avia-video-confirm_all avia-video-html5'  itemprop=\"video\" itemtype=\"https:\/\/schema.org\/VideoObject\"  data-original_url='https:\/\/placcszigethalom.hu\/wp-content\/uploads\/2025\/03\/20231011_080316.mp4'><video class='avia_video'  autoplay playsinline  preload=\"auto\" muted controls id='player_29_1138431624_176397494'><source src='https:\/\/placcszigethalom.hu\/wp-content\/uploads\/2025\/03\/20231011_080316.mp4' type='video\/mp4' \/><\/video><\/div><\/div>\n\n<style type=\"text\/css\" data-created_by=\"avia_inline_auto\" id=\"style-css-av-v995-4b17adc052362a2f3ed5ae609a18f673\">\n.avia_transform .flex_column.av-v995-4b17adc052362a2f3ed5ae609a18f673{\nanimation-duration:1.5s;\n}\n<\/style>\n<div  class='flex_column av-v995-4b17adc052362a2f3ed5ae609a18f673 av_one_half  avia-builder-el-4  el_after_av_one_third  el_before_av_one_half  first flex_column_div av-animated-generic bottom-to-top  column-top-margin'     ><style type=\"text\/css\" data-created_by=\"avia_inline_auto\" id=\"style-css-av-m93zkx2h-878b076e30049dec708408021d31e6f7\">\n#top .av_textblock_section.av-m93zkx2h-878b076e30049dec708408021d31e6f7 .avia_textblock{\nfont-size:16px;\n}\n<\/style>\n<section  class='av_textblock_section av-m93zkx2h-878b076e30049dec708408021d31e6f7 '   itemscope=\"itemscope\" itemtype=\"https:\/\/schema.org\/CreativeWork\" ><div class='avia_textblock'  itemprop=\"text\" ><p><strong><span style=\"vertical-align: inherit;\"><span style=\"vertical-align: inherit;\"><span style=\"vertical-align: inherit;\"><span style=\"vertical-align: inherit;\"><span style=\"vertical-align: inherit;\">H\u00c1ZIREND<\/span><\/span><\/span><\/span><\/span><\/strong><span style=\"vertical-align: inherit;\"><span style=\"vertical-align: inherit;\"><span style=\"vertical-align: inherit;\"><span style=\"vertical-align: inherit;\"><span style=\"vertical-align: inherit;\">:<\/span><\/span><\/span><\/span><\/span><\/p>\n<ul>\n<li><span style=\"vertical-align: inherit;\"><span style=\"vertical-align: inherit;\"><span style=\"vertical-align: inherit;\"><span style=\"vertical-align: inherit;\"><span style=\"vertical-align: inherit;\">A PLACC Szigethalom ter\u00fclet\u00e9re t\u00f6rt\u00e9n\u0151 bel\u00e9p\u00e9ssel elfogadja az al\u00e1bbi h\u00e1zirendet \u00e9s az abban foglaltakat tudom\u00e1sul veszi.<\/span><\/span><\/span><\/span><\/span><\/li>\n<li><strong><span style=\"vertical-align: inherit;\"><span style=\"vertical-align: inherit;\"><span style=\"vertical-align: inherit;\"><span style=\"vertical-align: inherit;\"><span style=\"vertical-align: inherit;\">A PLACC eg\u00e9sz ter\u00fclet\u00e9t a h\u00e1zirend betart\u00e1sa mellett kiz\u00e1r\u00f3lag saj\u00e1t felel\u0151ss\u00e9g\u00e9re haszn\u00e1lhatja!<\/span><\/span><\/span><\/span><\/span><\/strong><\/li>\n<li><span style=\"vertical-align: inherit;\"><span style=\"vertical-align: inherit;\"><span style=\"vertical-align: inherit;\"><span style=\"vertical-align: inherit;\"><span style=\"vertical-align: inherit;\">A p\u00e1lyaelemeken elektromos eszk\u00f6z\u00f6k haszn\u00e1lata nem megengedett.<\/span><\/span><\/span><\/span><\/span><\/li>\n<li><span style=\"vertical-align: inherit;\"><span style=\"vertical-align: inherit;\"><span style=\"vertical-align: inherit;\"><span style=\"vertical-align: inherit;\"><span style=\"vertical-align: inherit;\">A p\u00e1ly\u00e1kon \u00e9tel-ital fogyaszt\u00e1sa tilos, szemetet a gy\u0171jt\u0151kbe k\u00e9rj\u00fck dobni!<\/span><\/span><\/span><\/span><\/span><\/li>\n<li><span style=\"vertical-align: inherit;\"><span style=\"vertical-align: inherit;\"><span style=\"vertical-align: inherit;\"><span style=\"vertical-align: inherit;\"><span style=\"vertical-align: inherit;\">Kedvez\u0151tlen id\u0151j\u00e1r\u00e1si felt\u00e9telek eset\u00e9n a p\u00e1ly\u00e1k nem haszn\u00e1lhat\u00f3k! (er\u0151s sz\u00e9l, cs\u00fasz\u00f3s fel\u00fclet, vihar, stb.) <\/span><\/span><\/span><\/span><\/span><\/li>\n<\/ul>\n<\/div><\/section><\/div>\n<style type=\"text\/css\" data-created_by=\"avia_inline_auto\" id=\"style-css-av-av_one_half-56b45918e9cb4bebf26c648e8755b6de\">\n.avia_transform .flex_column.av-av_one_half-56b45918e9cb4bebf26c648e8755b6de{\nanimation-duration:1.5s;\n}\n<\/style>\n<div  class='flex_column av-av_one_half-56b45918e9cb4bebf26c648e8755b6de av_one_half  avia-builder-el-6  el_after_av_one_half  el_before_av_gallery  flex_column_div av-animated-generic bottom-to-top  column-top-margin'     ><style type=\"text\/css\" data-created_by=\"avia_inline_auto\" id=\"style-css-av-ma3o15r1-e93b60fa5f4db7b5e74dc60ef75da884\">\n#top .av_textblock_section.av-ma3o15r1-e93b60fa5f4db7b5e74dc60ef75da884 .avia_textblock{\nfont-size:16px;\n}\n<\/style>\n<section  class='av_textblock_section av-ma3o15r1-e93b60fa5f4db7b5e74dc60ef75da884 '   itemscope=\"itemscope\" itemtype=\"https:\/\/schema.org\/CreativeWork\" ><div class='avia_textblock'  itemprop=\"text\" ><ul>\n<li><strong><span style=\"vertical-align: inherit;\"><span style=\"vertical-align: inherit;\"><span style=\"vertical-align: inherit;\"><span style=\"vertical-align: inherit;\"><span style=\"vertical-align: inherit;\">A nagy pumptrack p\u00e1ly\u00e1t csak 8 \u00e9ven fel\u00fcliek, kiz\u00e1r\u00f3lag eszk\u00f6zzel \u00e9s buk\u00f3sisakban, z\u00e1rt cip\u0151ben haszn\u00e1lhatj\u00e1k. Ezen p\u00e1ly\u00e1kra gyalogosan nem lehet felmenni.<\/span><\/span><\/span><\/span><\/span><\/strong><\/li>\n<li><span style=\"vertical-align: inherit;\"><span style=\"vertical-align: inherit;\"><span style=\"vertical-align: inherit;\"><span style=\"vertical-align: inherit;\"><span style=\"vertical-align: inherit;\">A nagy pumptrack p\u00e1lya fut\u00f3biciklivel, rollerrel, g\u00f6rdeszk\u00e1val, g\u00f6rkorcsoly\u00e1val nem haszn\u00e1lhat\u00f3.<\/span><\/span><\/span><\/span><\/span><\/li>\n<li><span style=\"vertical-align: inherit;\"><span style=\"vertical-align: inherit;\"><span style=\"vertical-align: inherit;\"><span style=\"vertical-align: inherit;\"><span style=\"vertical-align: inherit;\">Doh\u00e1nyozni kiz\u00e1r\u00f3lag a j\u00e1rd\u00e1n fest\u00e9ssel meghat\u00e1rozott ter\u00fcleten bel\u00fcl lehet.<\/span><\/span><\/span><\/span><\/span><\/li>\n<li><span style=\"vertical-align: inherit;\"><span style=\"vertical-align: inherit;\"><span style=\"vertical-align: inherit;\"><span style=\"vertical-align: inherit;\"><span style=\"vertical-align: inherit;\">K\u00e9rj\u00fck, vigy\u00e1zzon \u00e9rt\u00e9keire, elvesztett t\u00e1rgyak\u00e9rt nem tudunk felel\u0151ss\u00e9get v\u00e1llalni.<\/span><\/span><\/span><\/span><\/span><\/li>\n<li><span style=\"vertical-align: inherit;\"><span style=\"vertical-align: inherit;\"><span style=\"vertical-align: inherit;\"><span style=\"vertical-align: inherit;\"><span style=\"vertical-align: inherit;\">A PLACC ter\u00fclet\u00e9re \u00fcvegt\u00e1rgyat, \u00fct\u0151-, v\u00e1g\u00f3eszk\u00f6zt vagy b\u00e1rmely k\u00f6zbiztons\u00e1got k\u00fcl\u00f6n\u00f6sen vesz\u00e9lyeztet\u0151 eszk\u00f6zt bevinni TILOS!<\/span><\/span><\/span><\/span><\/span><\/li>\n<li><span style=\"vertical-align: inherit;\"><span style=\"vertical-align: inherit;\"><span style=\"vertical-align: inherit;\"><span style=\"vertical-align: inherit;\"><span style=\"vertical-align: inherit;\">A b\u00fcf\u00e9ben bankk\u00e1rty\u00e1val vagy Festipay k\u00e1rty\u00e1val lehet fizetni, mely a helysz\u00ednen k\u00e9szp\u00e9nz\u00e9rt v\u00e1s\u00e1rolhat\u00f3 \u00e9s felt\u00f6lthet\u0151.<\/span><\/span><\/span><\/span><\/span><\/li>\n<\/ul>\n<\/div><\/section><\/div>\n<style type=\"text\/css\" data-created_by=\"avia_inline_auto\" id=\"style-css-av-m8h720ql-ffc14e3f5c969f1f40f6e1c1f7423a94\">\n#top .avia-gallery.av-m8h720ql-ffc14e3f5c969f1f40f6e1c1f7423a94 .avia-gallery-thumb a{\nwidth:25%;\n}\n<\/style>\n<div  class='avia-gallery av-m8h720ql-ffc14e3f5c969f1f40f6e1c1f7423a94 avia_animate_when_visible  avia-builder-el-8  el_after_av_one_half  avia-builder-el-last  deactivate_avia_lazyload avia-gallery-animate avia-gallery-1'  itemprop=\"image\" itemscope=\"itemscope\" itemtype=\"https:\/\/schema.org\/ImageObject\" ><meta itemprop=\"contentURL\" content=\"https:\/\/placcszigethalom.hu\/index.php\/fooldal\/pumptrack-palya\/\"><div class='avia-gallery-thumb'><a href=\"https:\/\/placcszigethalom.hu\/wp-content\/uploads\/2025\/03\/20221023_151051-773x1030.jpg\" data-srcset=\"https:\/\/placcszigethalom.hu\/wp-content\/uploads\/2025\/03\/20221023_151051-773x1030.jpg 773w, https:\/\/placcszigethalom.hu\/wp-content\/uploads\/2025\/03\/20221023_151051-225x300.jpg 225w, https:\/\/placcszigethalom.hu\/wp-content\/uploads\/2025\/03\/20221023_151051-768x1024.jpg 768w, https:\/\/placcszigethalom.hu\/wp-content\/uploads\/2025\/03\/20221023_151051-1152x1536.jpg 1152w, https:\/\/placcszigethalom.hu\/wp-content\/uploads\/2025\/03\/20221023_151051-1536x2048.jpg 1536w, https:\/\/placcszigethalom.hu\/wp-content\/uploads\/2025\/03\/20221023_151051-1125x1500.jpg 1125w, https:\/\/placcszigethalom.hu\/wp-content\/uploads\/2025\/03\/20221023_151051-529x705.jpg 529w, https:\/\/placcszigethalom.hu\/wp-content\/uploads\/2025\/03\/20221023_151051-scaled.jpg 1920w\" data-sizes=\"(max-width: 773px) 100vw, 773px\" data-rel='gallery-1' data-prev-img='https:\/\/placcszigethalom.hu\/wp-content\/uploads\/2025\/03\/20221023_151051-495x400.jpg' class='first_thumb lightbox ' data-onclick='1' title=''  itemprop=\"thumbnailUrl\"  ><img decoding=\"async\" fetchpriority=\"high\" class=\"wp-image-128 avia-img-lazy-loading-not-128\"   src=\"https:\/\/placcszigethalom.hu\/wp-content\/uploads\/2025\/03\/20221023_151051-495x400.jpg\" width=\"495\" height=\"400\"  title='' alt='' srcset=\"https:\/\/placcszigethalom.hu\/wp-content\/uploads\/2025\/03\/20221023_151051-495x400.jpg 495w, https:\/\/placcszigethalom.hu\/wp-content\/uploads\/2025\/03\/20221023_151051-845x684.jpg 845w\" sizes=\"(max-width: 495px) 100vw, 495px\" \/><div class='big-prev-fake'><img decoding=\"async\" loading=\"lazy\" class=\"wp-image-128 avia-img-lazy-loading-128\"  width=\"495\" height=\"400\" src=\"https:\/\/placcszigethalom.hu\/wp-content\/uploads\/2025\/03\/20221023_151051-495x400.jpg\" title='' alt='' srcset=\"https:\/\/placcszigethalom.hu\/wp-content\/uploads\/2025\/03\/20221023_151051-495x400.jpg 495w, https:\/\/placcszigethalom.hu\/wp-content\/uploads\/2025\/03\/20221023_151051-845x684.jpg 845w\" sizes=\"auto, (max-width: 495px) 100vw, 495px\" \/><\/div><\/a><a href=\"https:\/\/placcszigethalom.hu\/wp-content\/uploads\/2025\/03\/20221023_151110-1-773x1030.jpg\" data-srcset=\"https:\/\/placcszigethalom.hu\/wp-content\/uploads\/2025\/03\/20221023_151110-1-773x1030.jpg 773w, https:\/\/placcszigethalom.hu\/wp-content\/uploads\/2025\/03\/20221023_151110-1-225x300.jpg 225w, https:\/\/placcszigethalom.hu\/wp-content\/uploads\/2025\/03\/20221023_151110-1-768x1024.jpg 768w, https:\/\/placcszigethalom.hu\/wp-content\/uploads\/2025\/03\/20221023_151110-1-1152x1536.jpg 1152w, https:\/\/placcszigethalom.hu\/wp-content\/uploads\/2025\/03\/20221023_151110-1-1536x2048.jpg 1536w, https:\/\/placcszigethalom.hu\/wp-content\/uploads\/2025\/03\/20221023_151110-1-1125x1500.jpg 1125w, https:\/\/placcszigethalom.hu\/wp-content\/uploads\/2025\/03\/20221023_151110-1-529x705.jpg 529w, https:\/\/placcszigethalom.hu\/wp-content\/uploads\/2025\/03\/20221023_151110-1-scaled.jpg 1920w\" data-sizes=\"(max-width: 773px) 100vw, 773px\" data-rel='gallery-1' data-prev-img='https:\/\/placcszigethalom.hu\/wp-content\/uploads\/2025\/03\/20221023_151110-1-495x400.jpg' class='lightbox ' data-onclick='2' title=''  itemprop=\"thumbnailUrl\"  ><img decoding=\"async\" fetchpriority=\"high\" class=\"wp-image-129 avia-img-lazy-loading-not-129\"   src=\"https:\/\/placcszigethalom.hu\/wp-content\/uploads\/2025\/03\/20221023_151110-1-495x400.jpg\" width=\"495\" height=\"400\"  title='' alt='' srcset=\"https:\/\/placcszigethalom.hu\/wp-content\/uploads\/2025\/03\/20221023_151110-1-495x400.jpg 495w, https:\/\/placcszigethalom.hu\/wp-content\/uploads\/2025\/03\/20221023_151110-1-845x684.jpg 845w\" sizes=\"(max-width: 495px) 100vw, 495px\" \/><div class='big-prev-fake'><img decoding=\"async\" loading=\"lazy\" class=\"wp-image-129 avia-img-lazy-loading-129\"  width=\"495\" height=\"400\" src=\"https:\/\/placcszigethalom.hu\/wp-content\/uploads\/2025\/03\/20221023_151110-1-495x400.jpg\" title='' alt='' srcset=\"https:\/\/placcszigethalom.hu\/wp-content\/uploads\/2025\/03\/20221023_151110-1-495x400.jpg 495w, https:\/\/placcszigethalom.hu\/wp-content\/uploads\/2025\/03\/20221023_151110-1-845x684.jpg 845w\" sizes=\"auto, (max-width: 495px) 100vw, 495px\" \/><\/div><\/a><a href=\"https:\/\/placcszigethalom.hu\/wp-content\/uploads\/2025\/03\/20221023_151138-1030x402.jpg\" data-srcset=\"https:\/\/placcszigethalom.hu\/wp-content\/uploads\/2025\/03\/20221023_151138-1030x402.jpg 1030w, https:\/\/placcszigethalom.hu\/wp-content\/uploads\/2025\/03\/20221023_151138-300x117.jpg 300w, https:\/\/placcszigethalom.hu\/wp-content\/uploads\/2025\/03\/20221023_151138-768x300.jpg 768w, https:\/\/placcszigethalom.hu\/wp-content\/uploads\/2025\/03\/20221023_151138-1536x599.jpg 1536w, https:\/\/placcszigethalom.hu\/wp-content\/uploads\/2025\/03\/20221023_151138-2048x799.jpg 2048w, https:\/\/placcszigethalom.hu\/wp-content\/uploads\/2025\/03\/20221023_151138-1500x585.jpg 1500w, https:\/\/placcszigethalom.hu\/wp-content\/uploads\/2025\/03\/20221023_151138-705x275.jpg 705w\" data-sizes=\"(max-width: 1030px) 100vw, 1030px\" data-rel='gallery-1' data-prev-img='https:\/\/placcszigethalom.hu\/wp-content\/uploads\/2025\/03\/20221023_151138-495x400.jpg' class='lightbox ' data-onclick='3' title=''  itemprop=\"thumbnailUrl\"  ><img decoding=\"async\" fetchpriority=\"high\" class=\"wp-image-130 avia-img-lazy-loading-not-130\"   src=\"https:\/\/placcszigethalom.hu\/wp-content\/uploads\/2025\/03\/20221023_151138-495x400.jpg\" width=\"495\" height=\"400\"  title='' alt='' srcset=\"https:\/\/placcszigethalom.hu\/wp-content\/uploads\/2025\/03\/20221023_151138-495x400.jpg 495w, https:\/\/placcszigethalom.hu\/wp-content\/uploads\/2025\/03\/20221023_151138-845x684.jpg 845w\" sizes=\"(max-width: 495px) 100vw, 495px\" \/><div class='big-prev-fake'><img decoding=\"async\" loading=\"lazy\" class=\"wp-image-130 avia-img-lazy-loading-130\"  width=\"495\" height=\"400\" src=\"https:\/\/placcszigethalom.hu\/wp-content\/uploads\/2025\/03\/20221023_151138-495x400.jpg\" title='' alt='' srcset=\"https:\/\/placcszigethalom.hu\/wp-content\/uploads\/2025\/03\/20221023_151138-495x400.jpg 495w, https:\/\/placcszigethalom.hu\/wp-content\/uploads\/2025\/03\/20221023_151138-845x684.jpg 845w\" sizes=\"auto, (max-width: 495px) 100vw, 495px\" \/><\/div><\/a><a href=\"https:\/\/placcszigethalom.hu\/wp-content\/uploads\/2025\/03\/20221023_151534-1030x773.jpg\" data-srcset=\"https:\/\/placcszigethalom.hu\/wp-content\/uploads\/2025\/03\/20221023_151534-1030x773.jpg 1030w, https:\/\/placcszigethalom.hu\/wp-content\/uploads\/2025\/03\/20221023_151534-300x225.jpg 300w, https:\/\/placcszigethalom.hu\/wp-content\/uploads\/2025\/03\/20221023_151534-768x576.jpg 768w, https:\/\/placcszigethalom.hu\/wp-content\/uploads\/2025\/03\/20221023_151534-1536x1152.jpg 1536w, https:\/\/placcszigethalom.hu\/wp-content\/uploads\/2025\/03\/20221023_151534-2048x1536.jpg 2048w, https:\/\/placcszigethalom.hu\/wp-content\/uploads\/2025\/03\/20221023_151534-1500x1125.jpg 1500w, https:\/\/placcszigethalom.hu\/wp-content\/uploads\/2025\/03\/20221023_151534-705x529.jpg 705w\" data-sizes=\"(max-width: 1030px) 100vw, 1030px\" data-rel='gallery-1' data-prev-img='https:\/\/placcszigethalom.hu\/wp-content\/uploads\/2025\/03\/20221023_151534-495x400.jpg' class='lightbox ' data-onclick='4' title=''  itemprop=\"thumbnailUrl\"  ><img decoding=\"async\" fetchpriority=\"high\" class=\"wp-image-131 avia-img-lazy-loading-not-131\"   src=\"https:\/\/placcszigethalom.hu\/wp-content\/uploads\/2025\/03\/20221023_151534-495x400.jpg\" width=\"495\" height=\"400\"  title='' alt='' srcset=\"https:\/\/placcszigethalom.hu\/wp-content\/uploads\/2025\/03\/20221023_151534-495x400.jpg 495w, https:\/\/placcszigethalom.hu\/wp-content\/uploads\/2025\/03\/20221023_151534-845x684.jpg 845w\" sizes=\"(max-width: 495px) 100vw, 495px\" \/><div class='big-prev-fake'><img decoding=\"async\" loading=\"lazy\" class=\"wp-image-131 avia-img-lazy-loading-131\"  width=\"495\" height=\"400\" src=\"https:\/\/placcszigethalom.hu\/wp-content\/uploads\/2025\/03\/20221023_151534-495x400.jpg\" title='' alt='' srcset=\"https:\/\/placcszigethalom.hu\/wp-content\/uploads\/2025\/03\/20221023_151534-495x400.jpg 495w, https:\/\/placcszigethalom.hu\/wp-content\/uploads\/2025\/03\/20221023_151534-845x684.jpg 845w\" sizes=\"auto, (max-width: 495px) 100vw, 495px\" \/><\/div><\/a><\/div><\/div><\/p>\n","protected":false},"excerpt":{"rendered":"","protected":false},"author":1,"featured_media":0,"parent":42,"menu_order":0,"comment_status":"closed","ping_status":"closed","template":"","meta":{"footnotes":""},"class_list":["post-29","page","type-page","status-publish","hentry"],"_links":{"self":[{"href":"https:\/\/placcszigethalom.hu\/index.php\/wp-json\/wp\/v2\/pages\/29","targetHints":{"allow":["GET"]}}],"collection":[{"href":"https:\/\/placcszigethalom.hu\/index.php\/wp-json\/wp\/v2\/pages"}],"about":[{"href":"https:\/\/placcszigethalom.hu\/index.php\/wp-json\/wp\/v2\/types\/page"}],"author":[{"embeddable":true,"href":"https:\/\/placcszigethalom.hu\/index.php\/wp-json\/wp\/v2\/users\/1"}],"replies":[{"embeddable":true,"href":"https:\/\/placcszigethalom.hu\/index.php\/wp-json\/wp\/v2\/comments?post=29"}],"version-history":[{"count":51,"href":"https:\/\/placcszigethalom.hu\/index.php\/wp-json\/wp\/v2\/pages\/29\/revisions"}],"predecessor-version":[{"id":1682,"href":"https:\/\/placcszigethalom.hu\/index.php\/wp-json\/wp\/v2\/pages\/29\/revisions\/1682"}],"up":[{"embeddable":true,"href":"https:\/\/placcszigethalom.hu\/index.php\/wp-json\/wp\/v2\/pages\/42"}],"wp:attachment":[{"href":"https:\/\/placcszigethalom.hu\/index.php\/wp-json\/wp\/v2\/media?parent=29"}],"curies":[{"name":"wp","href":"https:\/\/api.w.org\/{rel}","templated":true}]}}