{"id":27,"date":"2025-03-20T09:01:01","date_gmt":"2025-03-20T08:01:01","guid":{"rendered":"https:\/\/placcszigethalom.hu\/?page_id=27"},"modified":"2025-04-08T12:11:18","modified_gmt":"2025-04-08T11:11:18","slug":"skate-palya","status":"publish","type":"page","link":"https:\/\/placcszigethalom.hu\/index.php\/fooldal\/skate-palya\/","title":{"rendered":"SKATE P\u00c1LYA"},"content":{"rendered":"\n<style type=\"text\/css\" data-created_by=\"avia_inline_auto\" id=\"style-css-av-m8os47ql-ea70321fbee4b11b694240a165fb39e8\">\n.avia_transform .avia-image-container.av-m8os47ql-ea70321fbee4b11b694240a165fb39e8{\nanimation-duration:1.5s;\n}\n.avia-image-container.av-m8os47ql-ea70321fbee4b11b694240a165fb39e8 img.avia_image{\nbox-shadow:none;\n}\n.avia-image-container.av-m8os47ql-ea70321fbee4b11b694240a165fb39e8 .av-image-caption-overlay-center{\ncolor:#ffffff;\n}\n<\/style>\n<div  class='avia-image-container av-m8os47ql-ea70321fbee4b11b694240a165fb39e8 av-styling- avia_animated_image av-animated-when-visible-95 fade-in-down avia-align-center  avia-builder-el-0  el_before_av_one_third  avia-builder-el-first '   itemprop=\"image\" itemscope=\"itemscope\" itemtype=\"https:\/\/schema.org\/ImageObject\" ><div class=\"avia-image-container-inner\"><div class=\"avia-image-overlay-wrap\"><img decoding=\"async\" fetchpriority=\"high\" class='wp-image-120 avia-img-lazy-loading-not-120 avia_image ' src=\"https:\/\/placcszigethalom.hu\/wp-content\/uploads\/2025\/03\/20230706_133532-1030x481.jpg\" alt='' title=''  height=\"481\" width=\"1030\"  itemprop=\"thumbnailUrl\" srcset=\"https:\/\/placcszigethalom.hu\/wp-content\/uploads\/2025\/03\/20230706_133532-1030x481.jpg 1030w, https:\/\/placcszigethalom.hu\/wp-content\/uploads\/2025\/03\/20230706_133532-300x140.jpg 300w, https:\/\/placcszigethalom.hu\/wp-content\/uploads\/2025\/03\/20230706_133532-768x359.jpg 768w, https:\/\/placcszigethalom.hu\/wp-content\/uploads\/2025\/03\/20230706_133532-1536x717.jpg 1536w, https:\/\/placcszigethalom.hu\/wp-content\/uploads\/2025\/03\/20230706_133532-2048x956.jpg 2048w, https:\/\/placcszigethalom.hu\/wp-content\/uploads\/2025\/03\/20230706_133532-1500x701.jpg 1500w, https:\/\/placcszigethalom.hu\/wp-content\/uploads\/2025\/03\/20230706_133532-705x329.jpg 705w\" sizes=\"(max-width: 1030px) 100vw, 1030px\" \/><\/div><\/div><\/div>\n\n<style type=\"text\/css\" data-created_by=\"avia_inline_auto\" id=\"style-css-av-m8wvwbll-a8e57d1a4019b319e2e1fc0a61d9e6ed\">\n.avia_transform .flex_column.av-m8wvwbll-a8e57d1a4019b319e2e1fc0a61d9e6ed{\nanimation-duration:1.5s;\n}\n<\/style>\n<div  class='flex_column av-m8wvwbll-a8e57d1a4019b319e2e1fc0a61d9e6ed av_one_third  avia-builder-el-1  el_after_av_image  el_before_av_two_third  first flex_column_div av-animated-generic left-to-right  '     ><style type=\"text\/css\" data-created_by=\"avia_inline_auto\" id=\"style-css-av-m8wvmkob-2d626b5a3bee776207c090fc0ca08dad\">\n#top .av_textblock_section.av-m8wvmkob-2d626b5a3bee776207c090fc0ca08dad .avia_textblock{\nfont-size:16px;\n}\n<\/style>\n<section  class='av_textblock_section av-m8wvmkob-2d626b5a3bee776207c090fc0ca08dad '   itemscope=\"itemscope\" itemtype=\"https:\/\/schema.org\/CreativeWork\" ><div class='avia_textblock'  itemprop=\"text\" ><p><strong>SKATE P\u00c1LYA<\/strong><\/p>\n<p><strong>Ingyenesen haszn\u00e1lhat\u00f3<\/strong><\/p>\n<p>(kiv\u00e9tel bel\u00e9p\u0151d\u00edjas rendezv\u00e9nyek)<\/p>\n<p>A p\u00e1ly\u00e1zati t\u00e1mogat\u00e1ssal \u00e9p\u00fclt bringapark mell\u00e9 2021-ben Szigethalom V\u00e1ros \u00d6nkorm\u00e1nyzata egy skate p\u00e1ly\u00e1t is fel\u00e9p\u00edttetett.<\/p>\n<p>A p\u00e1ly\u00e1t gy\u00f6ny\u00f6r\u0171 erd\u0151 sz\u00e9li k\u00f6rnyezetben tal\u00e1lj\u00e1tok meg, mely a Szigethalmi \u00a0Csal\u00e1di Vadaspark f\u0151bej\u00e1rat\u00e1n kereszt\u00fcl k\u00f6zel\u00edthet\u0151 meg gyalogosan \u00e9s ker\u00e9kp\u00e1rral. Parkol\u00e1si lehet\u0151s\u00e9g a R\u00e1k\u00f3czi utca v\u00e9g\u00e9n kialak\u00edtott parkol\u00f3ban van<\/p>\n<\/div><\/section><\/div>\n<style type=\"text\/css\" data-created_by=\"avia_inline_auto\" id=\"style-css-av-m8wvz5b8-31d1a1eb5ed46d22db39cafd9dd1b08d\">\n.avia_transform .flex_column.av-m8wvz5b8-31d1a1eb5ed46d22db39cafd9dd1b08d{\nanimation-duration:1.5s;\n}\n<\/style>\n<div  class='flex_column av-m8wvz5b8-31d1a1eb5ed46d22db39cafd9dd1b08d av_two_third  avia-builder-el-3  el_after_av_one_third  el_before_av_two_third  flex_column_div av-animated-generic right-to-left  '     ><style type=\"text\/css\" data-created_by=\"avia_inline_auto\" id=\"style-css-av-m8wvnvn6-4476c5bcde5531ec48198392cf699700\">\n.avia-image-container.av-m8wvnvn6-4476c5bcde5531ec48198392cf699700 img.avia_image{\nbox-shadow:none;\n}\n.avia-image-container.av-m8wvnvn6-4476c5bcde5531ec48198392cf699700 .av-image-caption-overlay-center{\ncolor:#ffffff;\n}\n<\/style>\n<div  class='avia-image-container av-m8wvnvn6-4476c5bcde5531ec48198392cf699700 av-styling- avia-align-center  avia-builder-el-4  avia-builder-el-no-sibling '   itemprop=\"image\" itemscope=\"itemscope\" itemtype=\"https:\/\/schema.org\/ImageObject\" ><div class=\"avia-image-container-inner\"><div class=\"avia-image-overlay-wrap\"><img decoding=\"async\" fetchpriority=\"high\" class='wp-image-119 avia-img-lazy-loading-not-119 avia_image ' src=\"https:\/\/placcszigethalom.hu\/wp-content\/uploads\/2025\/03\/20230706_133427-scaled.jpg\" alt='' title=''  height=\"1196\" width=\"2560\"  itemprop=\"thumbnailUrl\" srcset=\"https:\/\/placcszigethalom.hu\/wp-content\/uploads\/2025\/03\/20230706_133427-scaled.jpg 2560w, https:\/\/placcszigethalom.hu\/wp-content\/uploads\/2025\/03\/20230706_133427-300x140.jpg 300w, https:\/\/placcszigethalom.hu\/wp-content\/uploads\/2025\/03\/20230706_133427-1030x481.jpg 1030w, https:\/\/placcszigethalom.hu\/wp-content\/uploads\/2025\/03\/20230706_133427-768x359.jpg 768w, https:\/\/placcszigethalom.hu\/wp-content\/uploads\/2025\/03\/20230706_133427-1536x717.jpg 1536w, https:\/\/placcszigethalom.hu\/wp-content\/uploads\/2025\/03\/20230706_133427-2048x956.jpg 2048w, https:\/\/placcszigethalom.hu\/wp-content\/uploads\/2025\/03\/20230706_133427-1500x701.jpg 1500w, https:\/\/placcszigethalom.hu\/wp-content\/uploads\/2025\/03\/20230706_133427-705x329.jpg 705w\" sizes=\"(max-width: 2560px) 100vw, 2560px\" \/><\/div><\/div><\/div><\/div><\/p>\n\n<style type=\"text\/css\" data-created_by=\"avia_inline_auto\" id=\"style-css-av-m8wvvo1a-cab1b942975c5fb34c0e59feaeefd5c4\">\n.avia_transform .flex_column.av-m8wvvo1a-cab1b942975c5fb34c0e59feaeefd5c4{\nanimation-duration:1.5s;\n}\n<\/style>\n<div  class='flex_column av-m8wvvo1a-cab1b942975c5fb34c0e59feaeefd5c4 av_two_third  avia-builder-el-5  el_after_av_two_third  el_before_av_one_third  first flex_column_div av-animated-generic left-to-right  column-top-margin'     ><style type=\"text\/css\" data-created_by=\"avia_inline_auto\" id=\"style-css-av-m8wvrvsv-4ef2ead02370f74759ca490171d7a8f1\">\n#top .av_textblock_section.av-m8wvrvsv-4ef2ead02370f74759ca490171d7a8f1 .avia_textblock{\nfont-size:16px;\n}\n<\/style>\n<section  class='av_textblock_section av-m8wvrvsv-4ef2ead02370f74759ca490171d7a8f1 '   itemscope=\"itemscope\" itemtype=\"https:\/\/schema.org\/CreativeWork\" ><div class='avia_textblock'  itemprop=\"text\" ><p><strong>H\u00c1ZIREND<\/strong>:<\/p>\n<ul>\n<li>A PLACC Szigethalom ter\u00fclet\u00e9re t\u00f6rt\u00e9n\u0151 bel\u00e9p\u00e9ssel elfogadja az al\u00e1bbi h\u00e1zirendet \u00e9s az abban foglaltakat tudom\u00e1sul veszi.<\/li>\n<li><strong>A PLACC eg\u00e9sz ter\u00fclet\u00e9t a h\u00e1zirend betart\u00e1sa mellett kiz\u00e1r\u00f3lag saj\u00e1t felel\u0151ss\u00e9g\u00e9re haszn\u00e1lhatja!<\/strong><\/li>\n<li>A p\u00e1lyaelemeken elektromos eszk\u00f6z\u00f6k haszn\u00e1lata nem megengedett.<\/li>\n<li>Kedvez\u0151tlen id\u0151j\u00e1r\u00e1si felt\u00e9telek eset\u00e9n a p\u00e1ly\u00e1k nem haszn\u00e1lhat\u00f3k! (er\u0151s sz\u00e9l, cs\u00fasz\u00f3s fel\u00fclet, vihar, stb.)<\/li>\n<li><strong>A skate p\u00e1ly\u00e1t csak 8 \u00e9ven fel\u00fcliek, kiz\u00e1r\u00f3lag eszk\u00f6zzel \u00e9s buk\u00f3sisakban, z\u00e1rt cip\u0151ben haszn\u00e1lhatj\u00e1k. Ezen p\u00e1ly\u00e1kra gyalogosan nem lehet felmenni. <\/strong><\/li>\n<li><strong>Rollereken \u00e9s bring\u00e1kon korm\u00e1nyv\u00e9gdug\u00f3 haszn\u00e1lata k\u00f6telez\u0151!<\/strong><\/li>\n<li>A p\u00e1ly\u00e1kon \u00e9tel-ital fogyaszt\u00e1sa tilos, szemetet a gy\u0171jt\u0151kbe k\u00e9rj\u00fck dobni!<\/li>\n<li>Doh\u00e1nyozni kiz\u00e1r\u00f3lag a j\u00e1rd\u00e1n fest\u00e9ssel meghat\u00e1rozott ter\u00fcleten bel\u00fcl lehet.<\/li>\n<li>K\u00e9rj\u00fck, vigy\u00e1zzon \u00e9rt\u00e9keire, elvesztett t\u00e1rgyak\u00e9rt nem tudunk felel\u0151ss\u00e9get v\u00e1llalni.<\/li>\n<li>A PLACC ter\u00fclet\u00e9re \u00fcvegt\u00e1rgyat, \u00fct\u0151-, v\u00e1g\u00f3eszk\u00f6zt vagy b\u00e1rmely k\u00f6zbiztons\u00e1got k\u00fcl\u00f6n\u00f6sen vesz\u00e9lyeztet\u0151 eszk\u00f6zt bevinni TILOS!<\/li>\n<li>A b\u00fcf\u00e9ben bankk\u00e1rty\u00e1val vagy Festipay k\u00e1rty\u00e1val lehet fizetni, mely a helysz\u00ednen k\u00e9szp\u00e9nz\u00e9rt v\u00e1s\u00e1rolhat\u00f3 \u00e9s felt\u00f6lthet\u0151.<\/li>\n<\/ul>\n<\/div><\/section><\/div>\n<style type=\"text\/css\" data-created_by=\"avia_inline_auto\" id=\"style-css-av-m8wvufve-1e687278df3374eee6ffca177bff39cd\">\n.avia_transform .flex_column.av-m8wvufve-1e687278df3374eee6ffca177bff39cd{\nanimation-duration:1.5s;\n}\n<\/style>\n<div  class='flex_column av-m8wvufve-1e687278df3374eee6ffca177bff39cd av_one_third  avia-builder-el-7  el_after_av_two_third  el_before_av_gallery  flex_column_div av-animated-generic right-to-left  column-top-margin'     ><style type=\"text\/css\" data-created_by=\"avia_inline_auto\" id=\"style-css-av-m8wvqb4w-747007cc0faac917ff0365bc20ed829c\">\n.avia-image-container.av-m8wvqb4w-747007cc0faac917ff0365bc20ed829c img.avia_image{\nbox-shadow:none;\n}\n.avia-image-container.av-m8wvqb4w-747007cc0faac917ff0365bc20ed829c .av-image-caption-overlay-center{\ncolor:#ffffff;\n}\n<\/style>\n<div  class='avia-image-container av-m8wvqb4w-747007cc0faac917ff0365bc20ed829c av-styling- avia-align-center  avia-builder-el-8  avia-builder-el-no-sibling '   itemprop=\"image\" itemscope=\"itemscope\" itemtype=\"https:\/\/schema.org\/ImageObject\" ><div class=\"avia-image-container-inner\"><div class=\"avia-image-overlay-wrap\"><img decoding=\"async\" fetchpriority=\"high\" class='wp-image-124 avia-img-lazy-loading-not-124 avia_image ' src=\"https:\/\/placcszigethalom.hu\/wp-content\/uploads\/2025\/03\/20230707_100812-1-scaled.jpg\" alt='' title=''  height=\"2560\" width=\"2133\"  itemprop=\"thumbnailUrl\" srcset=\"https:\/\/placcszigethalom.hu\/wp-content\/uploads\/2025\/03\/20230707_100812-1-scaled.jpg 2133w, https:\/\/placcszigethalom.hu\/wp-content\/uploads\/2025\/03\/20230707_100812-1-250x300.jpg 250w, https:\/\/placcszigethalom.hu\/wp-content\/uploads\/2025\/03\/20230707_100812-1-858x1030.jpg 858w, https:\/\/placcszigethalom.hu\/wp-content\/uploads\/2025\/03\/20230707_100812-1-768x922.jpg 768w, https:\/\/placcszigethalom.hu\/wp-content\/uploads\/2025\/03\/20230707_100812-1-1280x1536.jpg 1280w, https:\/\/placcszigethalom.hu\/wp-content\/uploads\/2025\/03\/20230707_100812-1-1707x2048.jpg 1707w, https:\/\/placcszigethalom.hu\/wp-content\/uploads\/2025\/03\/20230707_100812-1-1250x1500.jpg 1250w, https:\/\/placcszigethalom.hu\/wp-content\/uploads\/2025\/03\/20230707_100812-1-588x705.jpg 588w\" sizes=\"(max-width: 2133px) 100vw, 2133px\" \/><\/div><\/div><\/div><\/div><\/p>\n\n<style type=\"text\/css\" data-created_by=\"avia_inline_auto\" id=\"style-css-av-m8h6w6wk-257ddb805197e39eb117cda8006adfa7\">\n#top .avia-gallery.av-m8h6w6wk-257ddb805197e39eb117cda8006adfa7 .avia-gallery-thumb a{\nwidth:25%;\n}\n<\/style>\n<div  class='avia-gallery av-m8h6w6wk-257ddb805197e39eb117cda8006adfa7 avia_animate_when_visible  avia-builder-el-9  el_after_av_one_third  avia-builder-el-last  deactivate_avia_lazyload avia-gallery-animate avia-gallery-1'  itemprop=\"image\" itemscope=\"itemscope\" itemtype=\"https:\/\/schema.org\/ImageObject\" ><meta itemprop=\"contentURL\" content=\"https:\/\/placcszigethalom.hu\/index.php\/fooldal\/skate-palya\/\"><div class='avia-gallery-thumb'><a href=\"https:\/\/placcszigethalom.hu\/wp-content\/uploads\/2025\/03\/20230707_100747-858x1030.jpg\" data-srcset=\"https:\/\/placcszigethalom.hu\/wp-content\/uploads\/2025\/03\/20230707_100747-858x1030.jpg 858w, https:\/\/placcszigethalom.hu\/wp-content\/uploads\/2025\/03\/20230707_100747-250x300.jpg 250w, https:\/\/placcszigethalom.hu\/wp-content\/uploads\/2025\/03\/20230707_100747-768x922.jpg 768w, https:\/\/placcszigethalom.hu\/wp-content\/uploads\/2025\/03\/20230707_100747-1280x1536.jpg 1280w, https:\/\/placcszigethalom.hu\/wp-content\/uploads\/2025\/03\/20230707_100747-1707x2048.jpg 1707w, https:\/\/placcszigethalom.hu\/wp-content\/uploads\/2025\/03\/20230707_100747-1250x1500.jpg 1250w, https:\/\/placcszigethalom.hu\/wp-content\/uploads\/2025\/03\/20230707_100747-588x705.jpg 588w\" data-sizes=\"(max-width: 858px) 100vw, 858px\" data-rel='gallery-1' data-prev-img='https:\/\/placcszigethalom.hu\/wp-content\/uploads\/2025\/03\/20230707_100747-495x400.jpg' class='first_thumb lightbox ' data-onclick='1' title=''  itemprop=\"thumbnailUrl\"  ><img decoding=\"async\" fetchpriority=\"high\" class=\"wp-image-121 avia-img-lazy-loading-not-121\"   src=\"https:\/\/placcszigethalom.hu\/wp-content\/uploads\/2025\/03\/20230707_100747-495x400.jpg\" width=\"495\" height=\"400\"  title='' alt='' srcset=\"https:\/\/placcszigethalom.hu\/wp-content\/uploads\/2025\/03\/20230707_100747-495x400.jpg 495w, https:\/\/placcszigethalom.hu\/wp-content\/uploads\/2025\/03\/20230707_100747-845x684.jpg 845w\" sizes=\"(max-width: 495px) 100vw, 495px\" \/><div class='big-prev-fake'><img decoding=\"async\" loading=\"lazy\" class=\"wp-image-121 avia-img-lazy-loading-121\"  width=\"495\" height=\"400\" src=\"https:\/\/placcszigethalom.hu\/wp-content\/uploads\/2025\/03\/20230707_100747-495x400.jpg\" title='' alt='' srcset=\"https:\/\/placcszigethalom.hu\/wp-content\/uploads\/2025\/03\/20230707_100747-495x400.jpg 495w, https:\/\/placcszigethalom.hu\/wp-content\/uploads\/2025\/03\/20230707_100747-845x684.jpg 845w\" sizes=\"auto, (max-width: 495px) 100vw, 495px\" \/><\/div><\/a><a href=\"https:\/\/placcszigethalom.hu\/wp-content\/uploads\/2025\/03\/20230707_100756-858x1030.jpg\" data-srcset=\"https:\/\/placcszigethalom.hu\/wp-content\/uploads\/2025\/03\/20230707_100756-858x1030.jpg 858w, https:\/\/placcszigethalom.hu\/wp-content\/uploads\/2025\/03\/20230707_100756-250x300.jpg 250w, https:\/\/placcszigethalom.hu\/wp-content\/uploads\/2025\/03\/20230707_100756-768x922.jpg 768w, https:\/\/placcszigethalom.hu\/wp-content\/uploads\/2025\/03\/20230707_100756-1280x1536.jpg 1280w, https:\/\/placcszigethalom.hu\/wp-content\/uploads\/2025\/03\/20230707_100756-1707x2048.jpg 1707w, https:\/\/placcszigethalom.hu\/wp-content\/uploads\/2025\/03\/20230707_100756-1250x1500.jpg 1250w, https:\/\/placcszigethalom.hu\/wp-content\/uploads\/2025\/03\/20230707_100756-588x705.jpg 588w\" data-sizes=\"(max-width: 858px) 100vw, 858px\" data-rel='gallery-1' data-prev-img='https:\/\/placcszigethalom.hu\/wp-content\/uploads\/2025\/03\/20230707_100756-495x400.jpg' class='lightbox ' data-onclick='2' title=''  itemprop=\"thumbnailUrl\"  ><img decoding=\"async\" fetchpriority=\"high\" class=\"wp-image-122 avia-img-lazy-loading-not-122\"   src=\"https:\/\/placcszigethalom.hu\/wp-content\/uploads\/2025\/03\/20230707_100756-495x400.jpg\" width=\"495\" height=\"400\"  title='' alt='' srcset=\"https:\/\/placcszigethalom.hu\/wp-content\/uploads\/2025\/03\/20230707_100756-495x400.jpg 495w, https:\/\/placcszigethalom.hu\/wp-content\/uploads\/2025\/03\/20230707_100756-845x684.jpg 845w\" sizes=\"(max-width: 495px) 100vw, 495px\" \/><div class='big-prev-fake'><img decoding=\"async\" loading=\"lazy\" class=\"wp-image-122 avia-img-lazy-loading-122\"  width=\"495\" height=\"400\" src=\"https:\/\/placcszigethalom.hu\/wp-content\/uploads\/2025\/03\/20230707_100756-495x400.jpg\" title='' alt='' srcset=\"https:\/\/placcszigethalom.hu\/wp-content\/uploads\/2025\/03\/20230707_100756-495x400.jpg 495w, https:\/\/placcszigethalom.hu\/wp-content\/uploads\/2025\/03\/20230707_100756-845x684.jpg 845w\" sizes=\"auto, (max-width: 495px) 100vw, 495px\" \/><\/div><\/a><a href=\"https:\/\/placcszigethalom.hu\/wp-content\/uploads\/2025\/03\/20230707_100803-858x1030.jpg\" data-srcset=\"https:\/\/placcszigethalom.hu\/wp-content\/uploads\/2025\/03\/20230707_100803-858x1030.jpg 858w, https:\/\/placcszigethalom.hu\/wp-content\/uploads\/2025\/03\/20230707_100803-250x300.jpg 250w, https:\/\/placcszigethalom.hu\/wp-content\/uploads\/2025\/03\/20230707_100803-768x922.jpg 768w, https:\/\/placcszigethalom.hu\/wp-content\/uploads\/2025\/03\/20230707_100803-1280x1536.jpg 1280w, https:\/\/placcszigethalom.hu\/wp-content\/uploads\/2025\/03\/20230707_100803-1707x2048.jpg 1707w, https:\/\/placcszigethalom.hu\/wp-content\/uploads\/2025\/03\/20230707_100803-1250x1500.jpg 1250w, https:\/\/placcszigethalom.hu\/wp-content\/uploads\/2025\/03\/20230707_100803-588x705.jpg 588w\" data-sizes=\"(max-width: 858px) 100vw, 858px\" data-rel='gallery-1' data-prev-img='https:\/\/placcszigethalom.hu\/wp-content\/uploads\/2025\/03\/20230707_100803-495x400.jpg' class='lightbox ' data-onclick='3' title=''  itemprop=\"thumbnailUrl\"  ><img decoding=\"async\" fetchpriority=\"high\" class=\"wp-image-123 avia-img-lazy-loading-not-123\"   src=\"https:\/\/placcszigethalom.hu\/wp-content\/uploads\/2025\/03\/20230707_100803-495x400.jpg\" width=\"495\" height=\"400\"  title='' alt='' srcset=\"https:\/\/placcszigethalom.hu\/wp-content\/uploads\/2025\/03\/20230707_100803-495x400.jpg 495w, https:\/\/placcszigethalom.hu\/wp-content\/uploads\/2025\/03\/20230707_100803-845x684.jpg 845w\" sizes=\"(max-width: 495px) 100vw, 495px\" \/><div class='big-prev-fake'><img decoding=\"async\" loading=\"lazy\" class=\"wp-image-123 avia-img-lazy-loading-123\"  width=\"495\" height=\"400\" src=\"https:\/\/placcszigethalom.hu\/wp-content\/uploads\/2025\/03\/20230707_100803-495x400.jpg\" title='' alt='' srcset=\"https:\/\/placcszigethalom.hu\/wp-content\/uploads\/2025\/03\/20230707_100803-495x400.jpg 495w, https:\/\/placcszigethalom.hu\/wp-content\/uploads\/2025\/03\/20230707_100803-845x684.jpg 845w\" sizes=\"auto, (max-width: 495px) 100vw, 495px\" \/><\/div><\/a><a href=\"https:\/\/placcszigethalom.hu\/wp-content\/uploads\/2025\/03\/20230928_124802-1030x858.jpg\" data-srcset=\"https:\/\/placcszigethalom.hu\/wp-content\/uploads\/2025\/03\/20230928_124802-1030x858.jpg 1030w, https:\/\/placcszigethalom.hu\/wp-content\/uploads\/2025\/03\/20230928_124802-300x250.jpg 300w, https:\/\/placcszigethalom.hu\/wp-content\/uploads\/2025\/03\/20230928_124802-768x640.jpg 768w, https:\/\/placcszigethalom.hu\/wp-content\/uploads\/2025\/03\/20230928_124802-1536x1280.jpg 1536w, https:\/\/placcszigethalom.hu\/wp-content\/uploads\/2025\/03\/20230928_124802-2048x1707.jpg 2048w, https:\/\/placcszigethalom.hu\/wp-content\/uploads\/2025\/03\/20230928_124802-1500x1250.jpg 1500w, https:\/\/placcszigethalom.hu\/wp-content\/uploads\/2025\/03\/20230928_124802-705x588.jpg 705w\" data-sizes=\"(max-width: 1030px) 100vw, 1030px\" data-rel='gallery-1' data-prev-img='https:\/\/placcszigethalom.hu\/wp-content\/uploads\/2025\/03\/20230928_124802-495x400.jpg' class='lightbox ' data-onclick='4' title=''  itemprop=\"thumbnailUrl\"  ><img decoding=\"async\" fetchpriority=\"high\" class=\"wp-image-125 avia-img-lazy-loading-not-125\"   src=\"https:\/\/placcszigethalom.hu\/wp-content\/uploads\/2025\/03\/20230928_124802-495x400.jpg\" width=\"495\" height=\"400\"  title='' alt='' srcset=\"https:\/\/placcszigethalom.hu\/wp-content\/uploads\/2025\/03\/20230928_124802-495x400.jpg 495w, https:\/\/placcszigethalom.hu\/wp-content\/uploads\/2025\/03\/20230928_124802-845x684.jpg 845w\" sizes=\"(max-width: 495px) 100vw, 495px\" \/><div class='big-prev-fake'><img decoding=\"async\" loading=\"lazy\" class=\"wp-image-125 avia-img-lazy-loading-125\"  width=\"495\" height=\"400\" src=\"https:\/\/placcszigethalom.hu\/wp-content\/uploads\/2025\/03\/20230928_124802-495x400.jpg\" title='' alt='' srcset=\"https:\/\/placcszigethalom.hu\/wp-content\/uploads\/2025\/03\/20230928_124802-495x400.jpg 495w, https:\/\/placcszigethalom.hu\/wp-content\/uploads\/2025\/03\/20230928_124802-845x684.jpg 845w\" sizes=\"auto, (max-width: 495px) 100vw, 495px\" \/><\/div><\/a><\/div><\/div>\n","protected":false},"excerpt":{"rendered":"","protected":false},"author":1,"featured_media":0,"parent":42,"menu_order":0,"comment_status":"closed","ping_status":"closed","template":"","meta":{"footnotes":""},"class_list":["post-27","page","type-page","status-publish","hentry"],"_links":{"self":[{"href":"https:\/\/placcszigethalom.hu\/index.php\/wp-json\/wp\/v2\/pages\/27","targetHints":{"allow":["GET"]}}],"collection":[{"href":"https:\/\/placcszigethalom.hu\/index.php\/wp-json\/wp\/v2\/pages"}],"about":[{"href":"https:\/\/placcszigethalom.hu\/index.php\/wp-json\/wp\/v2\/types\/page"}],"author":[{"embeddable":true,"href":"https:\/\/placcszigethalom.hu\/index.php\/wp-json\/wp\/v2\/users\/1"}],"replies":[{"embeddable":true,"href":"https:\/\/placcszigethalom.hu\/index.php\/wp-json\/wp\/v2\/comments?post=27"}],"version-history":[{"count":25,"href":"https:\/\/placcszigethalom.hu\/index.php\/wp-json\/wp\/v2\/pages\/27\/revisions"}],"predecessor-version":[{"id":1017,"href":"https:\/\/placcszigethalom.hu\/index.php\/wp-json\/wp\/v2\/pages\/27\/revisions\/1017"}],"up":[{"embeddable":true,"href":"https:\/\/placcszigethalom.hu\/index.php\/wp-json\/wp\/v2\/pages\/42"}],"wp:attachment":[{"href":"https:\/\/placcszigethalom.hu\/index.php\/wp-json\/wp\/v2\/media?parent=27"}],"curies":[{"name":"wp","href":"https:\/\/api.w.org\/{rel}","templated":true}]}}