{"id":239,"date":"2025-03-20T15:19:57","date_gmt":"2025-03-20T14:19:57","guid":{"rendered":"https:\/\/placcszigethalom.hu\/?page_id=239"},"modified":"2026-03-10T10:07:05","modified_gmt":"2026-03-10T09:07:05","slug":"szolgaltatasok","status":"publish","type":"page","link":"https:\/\/placcszigethalom.hu\/index.php\/szolgaltatasok\/","title":{"rendered":"Kapcsolat"},"content":{"rendered":"\n<style type=\"text\/css\" data-created_by=\"avia_inline_auto\" id=\"style-css-av-m94eaqvb-6e257924bf562c0992fd181ff253fa9c\">\n#top .av-special-heading.av-m94eaqvb-6e257924bf562c0992fd181ff253fa9c{\npadding-bottom:10px;\ncolor:#3cd1b3;\n}\nbody .av-special-heading.av-m94eaqvb-6e257924bf562c0992fd181ff253fa9c .av-special-heading-tag .heading-char{\nfont-size:25px;\n}\n.av-special-heading.av-m94eaqvb-6e257924bf562c0992fd181ff253fa9c .special-heading-inner-border{\nborder-color:#3cd1b3;\n}\n.av-special-heading.av-m94eaqvb-6e257924bf562c0992fd181ff253fa9c .av-subheading{\nfont-size:15px;\n}\n<\/style>\n<div  class='av-special-heading av-m94eaqvb-6e257924bf562c0992fd181ff253fa9c av-special-heading-h1 custom-color-heading blockquote elegant-quote elegant-centered  avia-builder-el-0  el_before_av_one_half  avia-builder-el-first '><h1 class='av-special-heading-tag '  itemprop=\"headline\"  ><span class=\"heading-wrap\">R\u00d3LUNK<\/span><\/h1><div class=\"special-heading-border\"><div class=\"special-heading-inner-border\"><\/div><\/div><\/div>\n\n<style type=\"text\/css\" data-created_by=\"avia_inline_auto\" id=\"style-css-av-m94dgdff-3ee9925eede6b88a921ba30c6d0b24fa\">\n.avia_transform .flex_column.av-m94dgdff-3ee9925eede6b88a921ba30c6d0b24fa{\nanimation-duration:1.5s;\n}\n<\/style>\n<div  class='flex_column av-m94dgdff-3ee9925eede6b88a921ba30c6d0b24fa av_one_half  avia-builder-el-1  el_after_av_heading  el_before_av_one_half  first flex_column_div av-animated-generic top-to-bottom  '     ><style type=\"text\/css\" data-created_by=\"avia_inline_auto\" id=\"style-css-av-7wmbr-1239269568b2f52319cb4ee875033c0d\">\n#top .av_textblock_section.av-7wmbr-1239269568b2f52319cb4ee875033c0d .avia_textblock{\nfont-size:16px;\n}\n<\/style>\n<section  class='av_textblock_section av-7wmbr-1239269568b2f52319cb4ee875033c0d '   itemscope=\"itemscope\" itemtype=\"https:\/\/schema.org\/CreativeWork\" ><div class='avia_textblock'  itemprop=\"text\" ><p>2021 j\u00fanius\u00e1ban egy \u00faj rendezv\u00e9nyhelysz\u00ednnel gazdagodott Szigethalom v\u00e1rosa.<\/p>\n<p>A <strong>PLACC Szigethalom<\/strong>, a sokak \u00e1ltal m\u00e1r ismert Vadaspark \u00e9s Ifj\u00fas\u00e1gi \u00c9lm\u00e9ny T\u00e1bor szomsz\u00e9ds\u00e1g\u00e1ban tal\u00e1lhat\u00f3.<\/p>\n<p>A k\u00f6zel 1300 m2 \u2013es kreat\u00edvan kialak\u00edtott helysz\u00edn kiv\u00e1l\u00f3an alkalmas minden koroszt\u00e1ly sz\u00e1m\u00e1ra a szabadid\u0151 akt\u00edv elt\u00f6lt\u00e9s\u00e9re.<\/p>\n<p>Vannak, akiket a koncertek, a sz\u00ednh\u00e1zi el\u0151ad\u00e1sok, a diszk\u00f3k, esetleg a sportesem\u00e9nyek vonzanak ide, mely programokra tavaszt\u00f3l \u0151szig \u00e1ll rendelkez\u00e9sre a ter\u00fclet.<\/p>\n<\/div><\/section><\/div>\n\n<style type=\"text\/css\" data-created_by=\"avia_inline_auto\" id=\"style-css-av-m94fesw4-bf1ea786c860c07a4aed4892f8aec124\">\n.avia_transform .flex_column.av-m94fesw4-bf1ea786c860c07a4aed4892f8aec124{\nanimation-duration:1.5s;\n}\n<\/style>\n<div  class='flex_column av-m94fesw4-bf1ea786c860c07a4aed4892f8aec124 av_one_half  avia-builder-el-3  el_after_av_one_half  el_before_av_video  flex_column_div av-animated-generic top-to-bottom  '     ><style type=\"text\/css\" data-created_by=\"avia_inline_auto\" id=\"style-css-av-m94fe41f-39b803d61ab45439abfbc3c3c8e583ec\">\n#top .av_textblock_section.av-m94fe41f-39b803d61ab45439abfbc3c3c8e583ec .avia_textblock{\nfont-size:16px;\n}\n<\/style>\n<section  class='av_textblock_section av-m94fe41f-39b803d61ab45439abfbc3c3c8e583ec '   itemscope=\"itemscope\" itemtype=\"https:\/\/schema.org\/CreativeWork\" ><div class='avia_textblock'  itemprop=\"text\" ><p>Eddigi fell\u00e9p\u0151ink: <strong>Hooligans, Radics Gigi, Take Cover, Zorall, K\u00e1rp\u00e1tia, P\u00e1pai Joci, Follow the Flow, a Korda h\u00e1zasp\u00e1r, T\u00f3th Andi, Feny\u0151 Mikl\u00f3s, Kozmix, CimbaliBand, Wellhello, Kasza Tibi, N\u00f3t\u00e1r Mary, B\u00f3di Csabi, PUF, Ismer\u0151s arcok, \u00c9berk\u00f3ma, Mehringer Marci, Tribute<\/strong> zenekarok \u00e9s m\u00e9g sokan m\u00e1sok.<\/p>\n<p>A helysz\u00ednen tal\u00e1lhat\u00f3 kresz park, g\u00f6rdeszka p\u00e1lya \u00e9s pump track p\u00e1lya, j\u00e1tsz\u00f3t\u00e9r, darts t\u00e1bla, csocs\u00f3asztal, ping-pong asztal, melyet sz\u00edvesen l\u00e1togatnak csal\u00e1dok, tizen\u00e9vesek \u00e9s bar\u00e1ti t\u00e1rsas\u00e1gok is.<\/p>\n<p>A feln\u0151ttek sz\u00edvesen haszn\u00e1lj\u00e1k a j\u00f3 \u00edzl\u00e9ssel kre\u00e1lt raklapki\u00fcl\u0151ket, ahol egy bar\u00e1ti csevej k\u00f6zben elfogyaszthatj\u00e1k a <a href=\"https:\/\/www.facebook.com\/profile.php?id=61588005929250\">Placc Terasz <\/a> <strong>b\u00fcf\u00e9<\/strong> v\u00e1ltozatos k\u00edn\u00e1lat\u00e1t.<\/p>\n<p>A <strong>PLACCON<\/strong> teh\u00e1t megtal\u00e1lhat\u00f3 minden, ami a kikapcsol\u00f3d\u00e1shoz kell!<\/p>\n<p>Kutyabar\u00e1t helysz\u00edn.<\/p>\n<p>K\u00f6vess\u00e9tek Instagram\u00a0<a href=\"https:\/\/www.instagram.com\/placc_szigethalom\/\">Placc Szigethalom<\/a> \u00e9s Facebook <a href=\"https:\/\/www.facebook.com\/placcszigethalomv2.0\">Placc Szigethalom v2.0<\/a> oldalunkat is!<\/p>\n<\/div><\/section><\/div><div  class='avia-video av-fwg7j-49aadda3f716b20c7f68957ab3268881 avia-video-16-9 av-no-preview-image avia-video-load-always avia-video-html5'  itemprop=\"video\" itemtype=\"https:\/\/schema.org\/VideoObject\"  data-original_url='https:\/\/placcszigethalom.hu\/wp-content\/uploads\/2025\/03\/Igy-keszult_1.mp4'><video class='avia_video'  autoplay playsinline  preload=\"auto\" muted controls id='player_239_812159877_1547645934'><source src='https:\/\/placcszigethalom.hu\/wp-content\/uploads\/2025\/03\/Igy-keszult_1.mp4' type='video\/mp4' \/><\/video><\/div><\/p>\n\n<style type=\"text\/css\" data-created_by=\"avia_inline_auto\" id=\"style-css-av-m94dicw4-554165cffa5bd860a7f6a3cc7836d635\">\n.avia_transform .flex_column.av-m94dicw4-554165cffa5bd860a7f6a3cc7836d635{\nanimation-duration:1.5s;\n}\n<\/style>\n<div  class='flex_column av-m94dicw4-554165cffa5bd860a7f6a3cc7836d635 av_two_third  avia-builder-el-6  el_after_av_video  el_before_av_one_third  first flex_column_div av-animated-generic left-to-right  '     ><style type=\"text\/css\" data-created_by=\"avia_inline_auto\" id=\"style-css-av-m8o9nvbs-c79f3c37d984e60dec95128660cdaeb9\">\n#top .av_textblock_section.av-m8o9nvbs-c79f3c37d984e60dec95128660cdaeb9 .avia_textblock{\nfont-size:16px;\n}\n<\/style>\n<section  class='av_textblock_section av-m8o9nvbs-c79f3c37d984e60dec95128660cdaeb9 '   itemscope=\"itemscope\" itemtype=\"https:\/\/schema.org\/CreativeWork\" ><div class='avia_textblock av_inherit_color'  itemprop=\"text\" ><table>\n<tbody>\n<tr>\n<td width=\"179\">\n<h3><span style=\"color: #3cd1b3;\"><strong>NYITVATART\u00c1S<\/strong><\/span><\/h3>\n<\/td>\n<td width=\"123\">h\u00e9tf\u0151<\/td>\n<td width=\"151\">kedd-p\u00e9ntek<\/td>\n<td width=\"151\">szombat-vas\u00e1rnap, munka-\u00e9s iskolasz\u00fcneti napokon<\/td>\n<\/tr>\n<tr>\n<td width=\"179\">\u00e1prilis 1-m\u00e1jus 31.\u00a0 \u00a0 \u00a0 \u00a0 \u00a0 szeptember 1-okt\u00f3ber 30.<\/td>\n<td width=\"123\"><strong><span style=\"color: #3cd1b3;\">Z\u00c1RVA<\/span><\/strong><\/td>\n<td width=\"151\"><strong><span style=\"color: #3cd1b3;\">14:00-19:00<\/span><\/strong><\/td>\n<td width=\"151\"><strong><span style=\"color: #3cd1b3;\">10:00-19:00<\/span><\/strong><\/td>\n<\/tr>\n<tr>\n<td width=\"179\">j\u00fanius 1-augusztus 31.<\/td>\n<td width=\"123\"><strong><span style=\"color: #3cd1b3;\">Z\u00c1RVA<\/span><\/strong><\/td>\n<td width=\"151\"><strong><span style=\"color: #3cd1b3;\">10:00-22:00<\/span><\/strong><\/td>\n<td width=\"151\"><strong><span style=\"color: #3cd1b3;\">10:00-22:00<\/span><\/strong><\/td>\n<\/tr>\n<tr>\n<td width=\"179\">febru\u00e1r 17-m\u00e1rcius 31.\u00a0 \u00a0 \u00a0 november 1-november 14.<\/td>\n<td width=\"123\"><strong><span style=\"color: #3cd1b3;\">Z\u00c1RVA<\/span><\/strong><\/td>\n<td width=\"151\"><strong><span style=\"color: #3cd1b3;\">14:00-17:00<\/span><\/strong><\/td>\n<td width=\"151\"><strong><span style=\"color: #3cd1b3;\">10:00-17:00<\/span><\/strong><\/td>\n<\/tr>\n<tr>\n<td width=\"179\">november 15 \u2013 febru\u00e1r 16.<\/td>\n<td width=\"123\"><strong><span style=\"color: #3cd1b3;\">Z\u00c1RVA<\/span><\/strong><\/td>\n<td width=\"151\"><strong><span style=\"color: #3cd1b3;\">Z\u00c1RVA<\/span><\/strong><\/td>\n<td width=\"151\"><strong><span style=\"color: #3cd1b3;\">Z\u00c1RVA<\/span><\/strong><\/td>\n<\/tr>\n<\/tbody>\n<\/table>\n<p>Bel\u00e9p\u0151d\u00edjas rendezv\u00e9nyek napj\u00e1n a p\u00e1lya 17:00-kor bez\u00e1r, de kapunyit\u00e1s ut\u00e1n bel\u00e9p\u0151d\u00edj megv\u00e1s\u00e1rl\u00e1s\u00e1val \u00e1ltal\u00e1ban haszn\u00e1lhat\u00f3.<\/p>\n<p>A PLACC nyitvatart\u00e1si ideje az id\u0151j\u00e1r\u00e1s \u00e9s a program f\u00fcggv\u00e9ny\u00e9ben v\u00e1ltozhat.<\/p>\n<\/div><\/section><\/div>\n<style type=\"text\/css\" data-created_by=\"avia_inline_auto\" id=\"style-css-av-mvkbz-28f28967030143a729d89a48f3b7c045\">\n.avia_transform .flex_column.av-mvkbz-28f28967030143a729d89a48f3b7c045{\nanimation-duration:1.5s;\n}\n<\/style>\n<div  class='flex_column av-mvkbz-28f28967030143a729d89a48f3b7c045 av_one_third  avia-builder-el-8  el_after_av_two_third  el_before_av_heading  flex_column_div av-animated-generic right-to-left  '     ><style type=\"text\/css\" data-created_by=\"avia_inline_auto\" id=\"style-css-av-m94dl2n5-7e41a0cd494b43ffd7f9e43fdb36621a\">\n#top .av_textblock_section.av-m94dl2n5-7e41a0cd494b43ffd7f9e43fdb36621a .avia_textblock{\nfont-size:16px;\ntext-align:center;\n}\n<\/style>\n<section  class='av_textblock_section av-m94dl2n5-7e41a0cd494b43ffd7f9e43fdb36621a '   itemscope=\"itemscope\" itemtype=\"https:\/\/schema.org\/CreativeWork\" ><div class='avia_textblock'  itemprop=\"text\" ><p><strong>El\u00e9rhet\u0151s\u00e9geink:<\/strong><\/p>\n<p>2315 Szigethalom, R\u00e1k\u00f3czi u. 149.<\/p>\n<p>+36 70\/379-63-56<\/p>\n<p><strong>\u00dczemeltet\u0151:<\/strong><\/p>\n<p>V\u00e1rosi Szabadid\u0151k\u00f6zpont<\/p>\n<p>2315 Szigethalom, Sport u. 4.<\/p>\n<p><strong>Ad\u00f3sz\u00e1m:<\/strong><\/p>\n<p>15764625-2-13<\/p>\n<\/div><\/section><\/div>\n<style type=\"text\/css\" data-created_by=\"avia_inline_auto\" id=\"style-css-av-m94e5org-9aecd29103615b1ea6e2b02394293d81\">\n#top .av-special-heading.av-m94e5org-9aecd29103615b1ea6e2b02394293d81{\npadding-bottom:10px;\ncolor:#3cd1b3;\n}\nbody .av-special-heading.av-m94e5org-9aecd29103615b1ea6e2b02394293d81 .av-special-heading-tag .heading-char{\nfont-size:25px;\n}\n.av-special-heading.av-m94e5org-9aecd29103615b1ea6e2b02394293d81 .special-heading-inner-border{\nborder-color:#3cd1b3;\n}\n.av-special-heading.av-m94e5org-9aecd29103615b1ea6e2b02394293d81 .av-subheading{\nfont-size:15px;\n}\n<\/style>\n<div  class='av-special-heading av-m94e5org-9aecd29103615b1ea6e2b02394293d81 av-special-heading-h3 custom-color-heading blockquote elegant-quote elegant-centered  avia-builder-el-10  el_after_av_one_third  el_before_av_one_full '><h3 class='av-special-heading-tag '  itemprop=\"headline\"  ><span class=\"heading-wrap\">Jegy\u00e9rt\u00e9kes\u00edt\u00e9s:<\/span><\/h3><div class=\"special-heading-border\"><div class=\"special-heading-inner-border\"><\/div><\/div><\/div><\/p>\n\n<style type=\"text\/css\" data-created_by=\"avia_inline_auto\" id=\"style-css-av-74vvb-0d608f003a3165a41fe61f88d1ebc51c\">\n.avia_transform .flex_column.av-74vvb-0d608f003a3165a41fe61f88d1ebc51c{\nanimation-duration:1.5s;\n}\n<\/style>\n<div  class='flex_column av-74vvb-0d608f003a3165a41fe61f88d1ebc51c av_one_full  avia-builder-el-11  el_after_av_heading  el_before_av_google_map  avia-builder-el-last  first flex_column_div av-animated-generic bottom-to-top  '     ><style type=\"text\/css\" data-created_by=\"avia_inline_auto\" id=\"style-css-av-m8o9pj5q-72f1e23fbbe3b2c4e099e14bc9f239ef\">\n#top .av_textblock_section.av-m8o9pj5q-72f1e23fbbe3b2c4e099e14bc9f239ef .avia_textblock{\nfont-size:16px;\ntext-align:center;\ncolumn-count:2;\n}\n<\/style>\n<section  class='av_textblock_section av-m8o9pj5q-72f1e23fbbe3b2c4e099e14bc9f239ef '   itemscope=\"itemscope\" itemtype=\"https:\/\/schema.org\/CreativeWork\" ><div class='avia_textblock av_multi_colums'  itemprop=\"text\" ><h4>V\u00e1rosi Szabadid\u0151k\u00f6zpont,<\/h4>\n<h4>Szigethalom, Sport u. 4.<\/h4>\n<p>Iroda nyitvatart\u00e1sa:<\/p>\n<p><strong>H-CS:\u00a0 8:00-16:00,\u00a0<\/strong><strong>P:\u00a0 8:00-12:00<\/strong><\/p>\n<p>Online jegyv\u00e1s\u00e1rl\u00e1s:<\/p>\n<p><a href=\"http:\/\/www.jegy.hu\/\">www.jegy.hu<\/a><\/p>\n<p>Helysz\u00ednb\u00e9rl\u00e9s:<\/p>\n<p><a href=\"mailto:placc@vszk.eu\">placc@vszk.eu<\/a><\/p>\n<\/div><\/section><\/div><div  class='av_gmaps_sc_main_wrap av_gmaps_main_wrap '><div id='av_gmap_0' class='avia-google-map-container avia-google-map-sc av_gmaps_show_unconditionally av-no-fallback-img ' data-mapid='av_gmap_0'  style='height: 400px;'><a class=\"av_gmaps_browser_disabled av_text_confirm_link av_text_confirm_link_visible\" href=\"https:\/\/www.google.com\/maps\/search\/?api=1&#038;query=R\u00e1k\u00f3czi%20u.%20149%202315%20Szigethalom%20%20Magyarorsz\u00e1g\" target=\"_blank\">Maps were disabled by the visitor on this site. Click to open the map in a new window.<\/a><\/div><\/div><\/p>\n","protected":false},"excerpt":{"rendered":"","protected":false},"author":1,"featured_media":0,"parent":0,"menu_order":0,"comment_status":"closed","ping_status":"closed","template":"","meta":{"footnotes":""},"class_list":["post-239","page","type-page","status-publish","hentry"],"_links":{"self":[{"href":"https:\/\/placcszigethalom.hu\/index.php\/wp-json\/wp\/v2\/pages\/239","targetHints":{"allow":["GET"]}}],"collection":[{"href":"https:\/\/placcszigethalom.hu\/index.php\/wp-json\/wp\/v2\/pages"}],"about":[{"href":"https:\/\/placcszigethalom.hu\/index.php\/wp-json\/wp\/v2\/types\/page"}],"author":[{"embeddable":true,"href":"https:\/\/placcszigethalom.hu\/index.php\/wp-json\/wp\/v2\/users\/1"}],"replies":[{"embeddable":true,"href":"https:\/\/placcszigethalom.hu\/index.php\/wp-json\/wp\/v2\/comments?post=239"}],"version-history":[{"count":67,"href":"https:\/\/placcszigethalom.hu\/index.php\/wp-json\/wp\/v2\/pages\/239\/revisions"}],"predecessor-version":[{"id":2112,"href":"https:\/\/placcszigethalom.hu\/index.php\/wp-json\/wp\/v2\/pages\/239\/revisions\/2112"}],"wp:attachment":[{"href":"https:\/\/placcszigethalom.hu\/index.php\/wp-json\/wp\/v2\/media?parent=239"}],"curies":[{"name":"wp","href":"https:\/\/api.w.org\/{rel}","templated":true}]}}