{"id":2015,"date":"2025-10-09T14:10:59","date_gmt":"2025-10-09T13:10:59","guid":{"rendered":"https:\/\/placcszigethalom.hu\/?page_id=2015"},"modified":"2025-10-09T14:11:00","modified_gmt":"2025-10-09T13:11:00","slug":"zambo-krisztian","status":"publish","type":"page","link":"https:\/\/placcszigethalom.hu\/index.php\/zambo-krisztian\/","title":{"rendered":"Z\u00e1mb\u00f3 Kriszti\u00e1n"},"content":{"rendered":"\n<style type=\"text\/css\" data-created_by=\"avia_inline_auto\" id=\"style-css-av-mgjfrfev-0b3e7b8ee7e0d9467b7f9e1bb115a56d\">\n#top .avia-gallery.av-mgjfrfev-0b3e7b8ee7e0d9467b7f9e1bb115a56d .avia-gallery-thumb a{\nwidth:20%;\n}\n<\/style>\n<div  class='avia-gallery av-mgjfrfev-0b3e7b8ee7e0d9467b7f9e1bb115a56d avia_animate_when_visible  avia-builder-el-0  avia-builder-el-no-sibling  avia_lazyload avia-gallery-animate avia-gallery-1'  itemprop=\"image\" itemscope=\"itemscope\" itemtype=\"https:\/\/schema.org\/ImageObject\" ><meta itemprop=\"contentURL\" content=\"https:\/\/placcszigethalom.hu\/index.php\/zambo-krisztian\/\"><div class='avia-gallery-thumb'><a href=\"https:\/\/placcszigethalom.hu\/wp-content\/uploads\/2025\/10\/ZAMBO-HERCZEG-1030x687.jpg\" data-srcset=\"https:\/\/placcszigethalom.hu\/wp-content\/uploads\/2025\/10\/ZAMBO-HERCZEG-1030x687.jpg 1030w, https:\/\/placcszigethalom.hu\/wp-content\/uploads\/2025\/10\/ZAMBO-HERCZEG-300x200.jpg 300w, https:\/\/placcszigethalom.hu\/wp-content\/uploads\/2025\/10\/ZAMBO-HERCZEG-768x512.jpg 768w, https:\/\/placcszigethalom.hu\/wp-content\/uploads\/2025\/10\/ZAMBO-HERCZEG-1536x1024.jpg 1536w, https:\/\/placcszigethalom.hu\/wp-content\/uploads\/2025\/10\/ZAMBO-HERCZEG-1500x1000.jpg 1500w, https:\/\/placcszigethalom.hu\/wp-content\/uploads\/2025\/10\/ZAMBO-HERCZEG-705x470.jpg 705w, https:\/\/placcszigethalom.hu\/wp-content\/uploads\/2025\/10\/ZAMBO-HERCZEG.jpg 1795w\" data-sizes=\"(max-width: 1030px) 100vw, 1030px\" data-rel='gallery-1' data-prev-img='https:\/\/placcszigethalom.hu\/wp-content\/uploads\/2025\/10\/ZAMBO-HERCZEG-495x400.jpg' class='first_thumb lightbox ' data-onclick='1' title='Z\u00c1MB\u00d3-HERCZEG'  itemprop=\"thumbnailUrl\"  ><img decoding=\"async\" fetchpriority=\"high\" class=\"wp-image-2016 avia-img-lazy-loading-not-2016\"   src=\"https:\/\/placcszigethalom.hu\/wp-content\/uploads\/2025\/10\/ZAMBO-HERCZEG-495x400.jpg\" width=\"495\" height=\"400\"  title='Z\u00c1MB\u00d3-HERCZEG' alt='' srcset=\"https:\/\/placcszigethalom.hu\/wp-content\/uploads\/2025\/10\/ZAMBO-HERCZEG-495x400.jpg 495w, https:\/\/placcszigethalom.hu\/wp-content\/uploads\/2025\/10\/ZAMBO-HERCZEG-845x684.jpg 845w\" sizes=\"(max-width: 495px) 100vw, 495px\" \/><div class='big-prev-fake'><img decoding=\"async\" loading=\"lazy\" class=\"wp-image-2016 avia-img-lazy-loading-2016\"  width=\"495\" height=\"400\" src=\"https:\/\/placcszigethalom.hu\/wp-content\/uploads\/2025\/10\/ZAMBO-HERCZEG-495x400.jpg\" title='Z\u00c1MB\u00d3-HERCZEG' alt='' srcset=\"https:\/\/placcszigethalom.hu\/wp-content\/uploads\/2025\/10\/ZAMBO-HERCZEG-495x400.jpg 495w, https:\/\/placcszigethalom.hu\/wp-content\/uploads\/2025\/10\/ZAMBO-HERCZEG-845x684.jpg 845w\" sizes=\"auto, (max-width: 495px) 100vw, 495px\" \/><\/div><\/a><a href=\"https:\/\/placcszigethalom.hu\/wp-content\/uploads\/2025\/10\/ZAMBOKRISZTIAN-687x1030.jpg\" data-srcset=\"https:\/\/placcszigethalom.hu\/wp-content\/uploads\/2025\/10\/ZAMBOKRISZTIAN-687x1030.jpg 687w, https:\/\/placcszigethalom.hu\/wp-content\/uploads\/2025\/10\/ZAMBOKRISZTIAN-200x300.jpg 200w, https:\/\/placcszigethalom.hu\/wp-content\/uploads\/2025\/10\/ZAMBOKRISZTIAN-768x1152.jpg 768w, https:\/\/placcszigethalom.hu\/wp-content\/uploads\/2025\/10\/ZAMBOKRISZTIAN-1024x1536.jpg 1024w, https:\/\/placcszigethalom.hu\/wp-content\/uploads\/2025\/10\/ZAMBOKRISZTIAN-1000x1500.jpg 1000w, https:\/\/placcszigethalom.hu\/wp-content\/uploads\/2025\/10\/ZAMBOKRISZTIAN-470x705.jpg 470w, https:\/\/placcszigethalom.hu\/wp-content\/uploads\/2025\/10\/ZAMBOKRISZTIAN.jpg 1197w\" data-sizes=\"(max-width: 687px) 100vw, 687px\" data-rel='gallery-1' data-prev-img='https:\/\/placcszigethalom.hu\/wp-content\/uploads\/2025\/10\/ZAMBOKRISZTIAN-495x400.jpg' class='lightbox ' data-onclick='2' title='Z\u00c1MB\u00d3KRISZTI\u00c1N'  itemprop=\"thumbnailUrl\"  ><img decoding=\"async\" fetchpriority=\"high\" class=\"wp-image-2017 avia-img-lazy-loading-not-2017\"   src=\"https:\/\/placcszigethalom.hu\/wp-content\/uploads\/2025\/10\/ZAMBOKRISZTIAN-495x400.jpg\" width=\"495\" height=\"400\"  title='Z\u00c1MB\u00d3KRISZTI\u00c1N' alt='' srcset=\"https:\/\/placcszigethalom.hu\/wp-content\/uploads\/2025\/10\/ZAMBOKRISZTIAN-495x400.jpg 495w, https:\/\/placcszigethalom.hu\/wp-content\/uploads\/2025\/10\/ZAMBOKRISZTIAN-845x684.jpg 845w\" sizes=\"(max-width: 495px) 100vw, 495px\" \/><div class='big-prev-fake'><img decoding=\"async\" loading=\"lazy\" class=\"wp-image-2017 avia-img-lazy-loading-2017\"  width=\"495\" height=\"400\" src=\"https:\/\/placcszigethalom.hu\/wp-content\/uploads\/2025\/10\/ZAMBOKRISZTIAN-495x400.jpg\" title='Z\u00c1MB\u00d3KRISZTI\u00c1N' alt='' srcset=\"https:\/\/placcszigethalom.hu\/wp-content\/uploads\/2025\/10\/ZAMBOKRISZTIAN-495x400.jpg 495w, https:\/\/placcszigethalom.hu\/wp-content\/uploads\/2025\/10\/ZAMBOKRISZTIAN-845x684.jpg 845w\" sizes=\"auto, (max-width: 495px) 100vw, 495px\" \/><\/div><\/a><\/div><\/div>\n","protected":false},"excerpt":{"rendered":"","protected":false},"author":3,"featured_media":0,"parent":0,"menu_order":0,"comment_status":"closed","ping_status":"closed","template":"","meta":{"footnotes":""},"class_list":["post-2015","page","type-page","status-publish","hentry"],"_links":{"self":[{"href":"https:\/\/placcszigethalom.hu\/index.php\/wp-json\/wp\/v2\/pages\/2015","targetHints":{"allow":["GET"]}}],"collection":[{"href":"https:\/\/placcszigethalom.hu\/index.php\/wp-json\/wp\/v2\/pages"}],"about":[{"href":"https:\/\/placcszigethalom.hu\/index.php\/wp-json\/wp\/v2\/types\/page"}],"author":[{"embeddable":true,"href":"https:\/\/placcszigethalom.hu\/index.php\/wp-json\/wp\/v2\/users\/3"}],"replies":[{"embeddable":true,"href":"https:\/\/placcszigethalom.hu\/index.php\/wp-json\/wp\/v2\/comments?post=2015"}],"version-history":[{"count":1,"href":"https:\/\/placcszigethalom.hu\/index.php\/wp-json\/wp\/v2\/pages\/2015\/revisions"}],"predecessor-version":[{"id":2018,"href":"https:\/\/placcszigethalom.hu\/index.php\/wp-json\/wp\/v2\/pages\/2015\/revisions\/2018"}],"wp:attachment":[{"href":"https:\/\/placcszigethalom.hu\/index.php\/wp-json\/wp\/v2\/media?parent=2015"}],"curies":[{"name":"wp","href":"https:\/\/api.w.org\/{rel}","templated":true}]}}